{"id":20824,"date":"2024-11-14T17:48:59","date_gmt":"2024-11-14T16:48:59","guid":{"rendered":"https:\/\/www.indaloblanc.com\/contact\/"},"modified":"2025-04-02T15:10:27","modified_gmt":"2025-04-02T13:10:27","slug":"contact","status":"publish","type":"page","link":"https:\/\/www.indaloblanc.com\/fr\/contact\/","title":{"rendered":"Contact"},"content":{"rendered":"\n<div class=\"wp-block-columns is-layout-flex wp-container-core-columns-is-layout-f5db9012 wp-block-columns-is-layout-flex\" style=\"padding-top:var(--wp--preset--spacing--50);padding-right:0;padding-bottom:var(--wp--preset--spacing--50);padding-left:0\">\n<div class=\"wp-block-column is-layout-flow wp-block-column-is-layout-flow\" style=\"flex-basis:100%\">\n<iframe loading=\"lazy\" src=\"https:\/\/www.google.com\/maps\/embed?pb=!1m18!1m12!1m3!1d3192.523517790531!2d-2.42002806962228!3d36.85388602141892!2m3!1f0!2f0!3f0!3m2!1i1024!2i768!4f13.1!3m3!1m2!1s0xd7a9ec798dc3483%3A0xc42070b6cb2d1817!2sIndaloblanc!5e0!3m2!1ses!2ses!4v1531909587406\" width=\"100%\" height=\"450\" frameborder=\"0\" style=\"border:0\" allowfullscreen=\"\"><\/iframe>\n<\/div>\n<\/div>\n\n<div class=\"wp-block-columns is-layout-flex wp-container-core-columns-is-layout-9d6595d7 wp-block-columns-is-layout-flex\">\n<div class=\"wp-block-column is-layout-flow wp-block-column-is-layout-flow\">\n<div class=\"wpcf7 no-js\" id=\"wpcf7-f21753-o1\" lang=\"fr-FR\" dir=\"ltr\" data-wpcf7-id=\"21753\">\n<div class=\"screen-reader-response\"><p role=\"status\" aria-live=\"polite\" aria-atomic=\"true\"><\/p> <ul><\/ul><\/div>\n<form action=\"\/fr\/wp-json\/wp\/v2\/pages\/20824#wpcf7-f21753-o1\" method=\"post\" class=\"wpcf7-form init\" aria-label=\"Formulaire de contact\" novalidate=\"novalidate\" data-status=\"init\">\n<fieldset class=\"hidden-fields-container\"><input type=\"hidden\" name=\"_wpcf7\" value=\"21753\" \/><input type=\"hidden\" name=\"_wpcf7_version\" value=\"6.1.5\" \/><input type=\"hidden\" name=\"_wpcf7_locale\" value=\"fr_FR\" \/><input type=\"hidden\" name=\"_wpcf7_unit_tag\" value=\"wpcf7-f21753-o1\" \/><input type=\"hidden\" name=\"_wpcf7_container_post\" value=\"0\" \/><input type=\"hidden\" name=\"_wpcf7_posted_data_hash\" value=\"\" \/>\n<\/fieldset>\n<p><label> Votre nom (obligatoire)<br \/>\n<span class=\"wpcf7-form-control-wrap\" data-name=\"your-name\"><input size=\"40\" maxlength=\"400\" class=\"wpcf7-form-control wpcf7-text wpcf7-validates-as-required\" aria-required=\"true\" aria-invalid=\"false\" value=\"\" type=\"text\" name=\"your-name\" \/><\/span> <\/label>\n<\/p>\n<p><label> Votre email (obligatoire)<br \/>\n<span class=\"wpcf7-form-control-wrap\" data-name=\"your-email\"><input size=\"40\" maxlength=\"400\" class=\"wpcf7-form-control wpcf7-email wpcf7-validates-as-required wpcf7-text wpcf7-validates-as-email\" aria-required=\"true\" aria-invalid=\"false\" value=\"\" type=\"email\" name=\"your-email\" \/><\/span> <\/label>\n<\/p>\n<p><label> Ton t\u00e9l\u00e9phone<br \/>\n<span class=\"wpcf7-form-control-wrap\" data-name=\"tu-telefono\"><input size=\"40\" maxlength=\"400\" class=\"wpcf7-form-control wpcf7-tel wpcf7-text wpcf7-validates-as-tel\" aria-invalid=\"false\" value=\"\" type=\"tel\" name=\"tu-telefono\" \/><\/span><\/label>\n<\/p>\n<p><label> Sujet (obligatoire)<br \/>\n<span class=\"wpcf7-form-control-wrap\" data-name=\"your-subject\"><input size=\"40\" maxlength=\"400\" class=\"wpcf7-form-control wpcf7-text wpcf7-validates-as-required\" aria-required=\"true\" aria-invalid=\"false\" value=\"\" type=\"text\" name=\"your-subject\" \/><\/span> <\/label>\n<\/p>\n<p><label> Votre message (obligatoire)<br \/>\n<span class=\"wpcf7-form-control-wrap\" data-name=\"your-message\"><textarea cols=\"40\" rows=\"10\" maxlength=\"2000\" class=\"wpcf7-form-control wpcf7-textarea wpcf7-validates-as-required\" aria-required=\"true\" aria-invalid=\"false\" name=\"your-message\"><\/textarea><\/span> <\/label>\n<\/p>\n<p><label>Nous vous informons que le responsable du traitement de ces donn\u00e9es est Indaloblanc, S.L. et le but de celui-ci est la gestion, l'\u00e9tude et la r\u00e9solution des requ\u00eates effectu\u00e9es et, si vous consentez express\u00e9ment en cochant la case pr\u00e9vue \u00e0 cet effet, \u00e0 envoyer des communications commerciales sur nos produits et services, nous trouvant l\u00e9gitimes pour ce traitement gr\u00e2ce au consentement que vous nous accordez dans cet acte. Aucune donn\u00e9e ne sera c\u00e9d\u00e9e \u00e0 des tiers sauf obligation l\u00e9gale. Vous certifiez que vous avez plus de 14 ans et que vous disposez donc de la capacit\u00e9 juridique n\u00e9cessaire pour donner ce consentement et tout cela, conform\u00e9ment aux dispositions de la Politique de Confidentialit\u00e9. Vous pouvez acc\u00e9der, rectifier et supprimer les donn\u00e9es, ainsi que d'autres droits, comme expliqu\u00e9 dans les informations compl\u00e9mentaires. Vous pouvez consulter des informations compl\u00e9mentaires et d\u00e9taill\u00e9es sur la Protection des Donn\u00e9es en cliquant ici <a href=\"https:\/\/www.indaloblanc.com\/politica-de-privacidad\/\" target=\"_blank\">+ info. <\/a><\/label>\n<\/p>\n<p><label><br \/>\n<span class=\"wpcf7-form-control-wrap\" data-name=\"accepta-legal\"><span class=\"wpcf7-form-control wpcf7-acceptance\"><span class=\"wpcf7-list-item\"><label><input type=\"checkbox\" name=\"accepta-legal\" value=\"1\" aria-invalid=\"false\" \/><span class=\"wpcf7-list-item-label\">J'accepte la <a href=\"https:\/\/www.indaloblanc.com\/fr\/politique-de-confidentialite\/\" target=\"_blank\">politique de confidentialit\u00e9<\/a> (obligatoire)<\/span><\/label><\/span><\/span><\/span><\/label><br \/>\n<label><br \/>\n<span class=\"wpcf7-form-control-wrap\" data-name=\"accepta-comercial\"><span class=\"wpcf7-form-control wpcf7-acceptance optional\"><span class=\"wpcf7-list-item\"><label><input type=\"checkbox\" name=\"accepta-comercial\" value=\"1\" aria-invalid=\"false\" \/><span class=\"wpcf7-list-item-label\">J'accepte l<a href=\"https:\/\/www.indaloblanc.com\/fr\/note-legale\/\" target=\"_blank\">'envoi d'informations et de communications commerciales<\/a><\/span><\/label><\/span><\/span><\/span><\/label>\n<\/p>\n<p>Entrez le code : <input type=\"hidden\" name=\"_wpcf7_captcha_challenge_captcha-118\" value=\"3963100536\" \/><img loading=\"lazy\" decoding=\"async\" class=\"wpcf7-form-control wpcf7-captchac wpcf7-captcha-captcha-118\" width=\"84\" height=\"28\" alt=\"captcha\" src=\"https:\/\/www.indaloblanc.com\/wp-content\/uploads\/wpcf7_captcha\/3963100536.png\" \/><br \/>\n<span class=\"wpcf7-form-control-wrap\" data-name=\"captcha-118\"><input size=\"4\" maxlength=\"4\" class=\"wpcf7-form-control wpcf7-captchar\" autocomplete=\"off\" aria-invalid=\"false\" value=\"\" type=\"text\" name=\"captcha-118\" \/><\/span>\n<\/p>\n<p><input class=\"wpcf7-form-control wpcf7-submit has-spinner\" type=\"submit\" value=\"Envoyer\" \/>\n<\/p><div class=\"wpcf7-response-output\" aria-hidden=\"true\"><\/div>\n<\/form>\n<\/div>\n\n<\/div>\n\n\n\n<div class=\"wp-block-column is-layout-flow wp-block-column-is-layout-flow\">\n<h3 class=\"wp-block-heading\">COORDONN\u00c9ES DE CONTACT<\/h3>\n\n\n\n<p>Ctra. Viator km. 1,5 \u2013 04120 LA CA\u00d1ADA (ALMERIA) <\/p>\n\n\n\n<p><a href=\"tel:+34%20950%20293%20147\"><strong>+34 950 293 147<\/strong><\/a> &#8211; <a href=\"tel:+34%20617%20462%20734\"><strong>+34 617 462 734<\/strong><\/a><\/p>\n\n\n\n<p><a href=\"mailto:indaloblanc@indaloblanc.com\">indaloblanc@indaloblanc.com<\/a><\/p>\n<\/div>\n<\/div>\n","protected":false},"excerpt":{"rendered":"<p>COORDONN\u00c9ES DE CONTACT Ctra. Viator km. 1,5 \u2013 04120 LA CA\u00d1ADA (ALMERIA) +34 950 293 147 &#8211; +34 617 462 734 indaloblanc@indaloblanc.com<\/p>\n","protected":false},"author":1,"featured_media":20430,"parent":0,"menu_order":0,"comment_status":"closed","ping_status":"closed","template":"","meta":{"_acf_changed":false,"_joinchat":[],"footnotes":""},"class_list":["post-20824","page","type-page","status-publish","has-post-thumbnail","hentry"],"acf":[],"_links":{"self":[{"href":"https:\/\/www.indaloblanc.com\/fr\/wp-json\/wp\/v2\/pages\/20824","targetHints":{"allow":["GET"]}}],"collection":[{"href":"https:\/\/www.indaloblanc.com\/fr\/wp-json\/wp\/v2\/pages"}],"about":[{"href":"https:\/\/www.indaloblanc.com\/fr\/wp-json\/wp\/v2\/types\/page"}],"author":[{"embeddable":true,"href":"https:\/\/www.indaloblanc.com\/fr\/wp-json\/wp\/v2\/users\/1"}],"replies":[{"embeddable":true,"href":"https:\/\/www.indaloblanc.com\/fr\/wp-json\/wp\/v2\/comments?post=20824"}],"version-history":[{"count":4,"href":"https:\/\/www.indaloblanc.com\/fr\/wp-json\/wp\/v2\/pages\/20824\/revisions"}],"predecessor-version":[{"id":21727,"href":"https:\/\/www.indaloblanc.com\/fr\/wp-json\/wp\/v2\/pages\/20824\/revisions\/21727"}],"wp:featuredmedia":[{"embeddable":true,"href":"https:\/\/www.indaloblanc.com\/fr\/wp-json\/wp\/v2\/media\/20430"}],"wp:attachment":[{"href":"https:\/\/www.indaloblanc.com\/fr\/wp-json\/wp\/v2\/media?parent=20824"}],"curies":[{"name":"wp","href":"https:\/\/api.w.org\/{rel}","templated":true}]}}