{"id":20834,"date":"2024-11-14T17:36:45","date_gmt":"2024-11-14T16:36:45","guid":{"rendered":"https:\/\/www.indaloblanc.com\/indaloblanc\/"},"modified":"2025-04-21T09:50:21","modified_gmt":"2025-04-21T07:50:21","slug":"indaloblanc","status":"publish","type":"page","link":"https:\/\/www.indaloblanc.com\/fr\/indaloblanc\/","title":{"rendered":"Indaloblanc"},"content":{"rendered":"\n<div class=\"wp-block-columns are-vertically-aligned-center is-layout-flex wp-container-core-columns-is-layout-62db62f3 wp-block-columns-is-layout-flex\" style=\"padding-top:0;padding-bottom:0\">\n<div class=\"wp-block-column is-vertically-aligned-center is-layout-flow wp-block-column-is-layout-flow\" style=\"padding-top:var(--wp--preset--spacing--70);padding-bottom:var(--wp--preset--spacing--70);flex-basis:100%\">\n<h2 class=\"wp-block-heading has-text-align-center\">\u00bfPOURQUOI CHOISIR INDALOBLANC ?<\/h2>\n<\/div>\n<\/div>\n\n\n\n<div class=\"wp-block-columns is-layout-flex wp-container-core-columns-is-layout-52c2aa69 wp-block-columns-is-layout-flex\" style=\"padding-top:var(--wp--preset--spacing--30);padding-right:var(--wp--preset--spacing--80);padding-bottom:var(--wp--preset--spacing--30);padding-left:var(--wp--preset--spacing--80)\">\n<div class=\"wp-block-column is-vertically-aligned-center is-layout-flow wp-block-column-is-layout-flow\">\n<figure class=\"wp-block-image size-full\"><img loading=\"lazy\" decoding=\"async\" width=\"810\" height=\"1080\" src=\"https:\/\/www.indaloblanc.com\/wp-content\/uploads\/2024\/11\/version-ingles.00_00_53_05.Imagen-fija006-2-edited.jpg\" alt=\"\" class=\"wp-image-20402\" srcset=\"https:\/\/www.indaloblanc.com\/wp-content\/uploads\/2024\/11\/version-ingles.00_00_53_05.Imagen-fija006-2-edited.jpg 810w, https:\/\/www.indaloblanc.com\/wp-content\/uploads\/2024\/11\/version-ingles.00_00_53_05.Imagen-fija006-2-edited-225x300.jpg 225w, https:\/\/www.indaloblanc.com\/wp-content\/uploads\/2024\/11\/version-ingles.00_00_53_05.Imagen-fija006-2-edited-768x1024.jpg 768w\" sizes=\"auto, (max-width: 810px) 100vw, 810px\" \/><\/figure>\n<\/div>\n\n\n\n<div class=\"wp-block-column is-vertically-aligned-center is-layout-flow wp-block-column-is-layout-flow\" style=\"padding-top:var(--wp--preset--spacing--60);padding-right:var(--wp--preset--spacing--80);padding-bottom:var(--wp--preset--spacing--60);padding-left:var(--wp--preset--spacing--80)\">\n<p><strong>INDALOBLANC<strong><sup>\u00ae<\/sup><\/strong> S.L<\/strong>. est une entreprise d\u00e9di\u00e9e et sp\u00e9cialis\u00e9e dans le d\u00e9veloppement et la production de <strong>produits de blanchiment \u00e0 haute r\u00e9sistance aux agents m\u00e9t\u00e9orologiques dans les serres<\/strong>, offrant une solution globale \u00e0 l&rsquo;agriculture intensive sous plastique.<\/p>\n\n\n\n<p><strong>INDALOBLANC<strong><sup>\u00ae<\/sup><\/strong> S.L<\/strong>. rel\u00e8ve le d\u00e9fi et s&rsquo;engage \u00e0 offrir au march\u00e9 national et international une gamme de produits agricoles<strong> efficaces, durables et respectueux de l&rsquo;environnement<\/strong>.<\/p>\n\n\n\n<p>Nos plus de <strong>20 ans d&rsquo;exp\u00e9rience<\/strong> dans le secteur agricole nous \u00e9tablissent comme une r\u00e9f\u00e9rence sur le march\u00e9 des produits de blanchiment, en proposant une gamme de produits d&rsquo;une qualit\u00e9 exceptionnelle et reconnue. Cela r\u00e9sulte d&rsquo;un travail de recherche intensif et d&rsquo;une \u00e9tude minutieuse de leurs composants et propri\u00e9t\u00e9s dans nos installations situ\u00e9es dans la province d&rsquo;Almer\u00eda (Espagne), l&rsquo;une des zones \u00e0 la plus forte concentration de serres au monde. Cet environnement nous offre l&rsquo;\u00e9cosyst\u00e8me id\u00e9al pour proposer la gamme de produits la plus large et de la meilleure qualit\u00e9 sur le march\u00e9.<\/p>\n\n\n\n<p>Chez <strong>INDALOBLANC<strong><sup>\u00ae<\/sup><\/strong> S.L<\/strong>., nous comptons sur les meilleurs professionnels \u00e0 tous les niveaux de notre structure d&rsquo;entreprise, formant une petite famille anim\u00e9e par l&rsquo;enthousiasme et le travail, afin d&rsquo;offrir les meilleures solutions aux agriculteurs.<\/p>\n\n\n\n<div style=\"height:61px\" aria-hidden=\"true\" class=\"wp-block-spacer\"><\/div>\n<\/div>\n<\/div>\n","protected":false},"excerpt":{"rendered":"<p>\u00bfPOURQUOI CHOISIR INDALOBLANC ? INDALOBLANC\u00ae S.L. est une entreprise d\u00e9di\u00e9e et sp\u00e9cialis\u00e9e dans le d\u00e9veloppement et la production de produits de blanchiment \u00e0 haute r\u00e9sistance aux agents m\u00e9t\u00e9orologiques dans les serres, offrant une solution globale \u00e0 l&rsquo;agriculture intensive sous plastique. INDALOBLANC\u00ae S.L. rel\u00e8ve le d\u00e9fi et s&rsquo;engage \u00e0 offrir au march\u00e9 national et international une&hellip;<\/p>\n","protected":false},"author":1,"featured_media":20725,"parent":0,"menu_order":0,"comment_status":"closed","ping_status":"closed","template":"","meta":{"_acf_changed":false,"_joinchat":[],"footnotes":""},"class_list":["post-20834","page","type-page","status-publish","has-post-thumbnail","hentry"],"acf":[],"_links":{"self":[{"href":"https:\/\/www.indaloblanc.com\/fr\/wp-json\/wp\/v2\/pages\/20834","targetHints":{"allow":["GET"]}}],"collection":[{"href":"https:\/\/www.indaloblanc.com\/fr\/wp-json\/wp\/v2\/pages"}],"about":[{"href":"https:\/\/www.indaloblanc.com\/fr\/wp-json\/wp\/v2\/types\/page"}],"author":[{"embeddable":true,"href":"https:\/\/www.indaloblanc.com\/fr\/wp-json\/wp\/v2\/users\/1"}],"replies":[{"embeddable":true,"href":"https:\/\/www.indaloblanc.com\/fr\/wp-json\/wp\/v2\/comments?post=20834"}],"version-history":[{"count":3,"href":"https:\/\/www.indaloblanc.com\/fr\/wp-json\/wp\/v2\/pages\/20834\/revisions"}],"predecessor-version":[{"id":21777,"href":"https:\/\/www.indaloblanc.com\/fr\/wp-json\/wp\/v2\/pages\/20834\/revisions\/21777"}],"wp:featuredmedia":[{"embeddable":true,"href":"https:\/\/www.indaloblanc.com\/fr\/wp-json\/wp\/v2\/media\/20725"}],"wp:attachment":[{"href":"https:\/\/www.indaloblanc.com\/fr\/wp-json\/wp\/v2\/media?parent=20834"}],"curies":[{"name":"wp","href":"https:\/\/api.w.org\/{rel}","templated":true}]}}