{"id":20861,"date":"2024-11-21T17:45:43","date_gmt":"2024-11-21T16:45:43","guid":{"rendered":"https:\/\/www.indaloblanc.com\/politique-de-confidentialite\/"},"modified":"2025-02-03T14:21:54","modified_gmt":"2025-02-03T13:21:54","slug":"politique-de-confidentialite","status":"publish","type":"page","link":"https:\/\/www.indaloblanc.com\/fr\/politique-de-confidentialite\/","title":{"rendered":"Politique de confidentialit\u00e9"},"content":{"rendered":"\n<div class=\"wp-block-columns is-layout-flex wp-container-core-columns-is-layout-9d6595d7 wp-block-columns-is-layout-flex\">\n<div class=\"wp-block-column is-layout-flow wp-block-column-is-layout-flow\">\n<p>La pr\u00e9sente politique de confidentialit\u00e9 s&rsquo;applique au traitement des donn\u00e9es personnelles des clients et\/ou utilisateurs du site web <a href=\"https:\/\/www.indaloblanc.com\/\">www.indaloblanc.com<\/a>, dont le responsable du traitement des donn\u00e9es est INDALOBLANC, S.L., CIF : B-92.170.059, ci-apr\u00e8s d\u00e9nomm\u00e9 \u00ab\u00a0l&rsquo;entreprise\u00a0\u00bb.<\/p>\n\n\n\n<p><strong>CONFIDENTIALIT\u00c9 ET PROTECTION DES DONN\u00c9ES<\/strong><\/p>\n\n\n\n<p>La pr\u00e9sente politique de confidentialit\u00e9 vise \u00e0 fournir des informations sur les droits qui vous sont accord\u00e9s conform\u00e9ment au R\u00c8GLEMENT (UE) 2016\/679 DU PARLEMENT EUROP\u00c9EN ET DU CONSEIL, du 27 avril 2016, relatif \u00e0 la protection des personnes physiques \u00e0 l&rsquo;\u00e9gard du traitement des donn\u00e9es \u00e0 caract\u00e8re personnel et \u00e0 la libre circulation de ces donn\u00e9es, abrogeant la directive 95\/46\/CE (r\u00e8glement g\u00e9n\u00e9ral sur la protection des donn\u00e9es) et la LO 3\/2018. Les informations sur vos donn\u00e9es \u00e0 caract\u00e8re personnel, conform\u00e9ment \u00e0 l&rsquo;article 13 de la section 2 dudit r\u00e8glement et \u00e0 la LO 3\/2018. <\/p>\n\n\n\n<p>En nous fournissant vos donn\u00e9es, le client et\/ou l&rsquo;utilisateur d\u00e9clare avoir lu et conna\u00eetre la pr\u00e9sente politique de confidentialit\u00e9, donnant ainsi son consentement explicite et clair au traitement de ses donn\u00e9es personnelles conform\u00e9ment aux finalit\u00e9s et termes ici expos\u00e9s.<\/p>\n\n\n\n<p>L&rsquo;entreprise peut modifier la pr\u00e9sente politique de confidentialit\u00e9 pour l&rsquo;adapter aux \u00e9volutions l\u00e9gislatives, jurisprudentielles ou aux interpr\u00e9tations de l&rsquo;Agence espagnole de protection des donn\u00e9es. Ces conditions de confidentialit\u00e9 peuvent \u00eatre compl\u00e9t\u00e9es par les mentions l\u00e9gales, la politique en mati\u00e8re de cookies et les conditions g\u00e9n\u00e9rales qui, le cas \u00e9ch\u00e9ant, sont pr\u00e9vues pour certains produits ou services, si cet acc\u00e8s implique des sp\u00e9cificit\u00e9s en mati\u00e8re de protection des donn\u00e9es \u00e0 caract\u00e8re personnel. <\/p>\n\n\n\n<p>De plus, nous vous informons qu&rsquo;INDALOBLANC, S.L., dispose d&rsquo;un d\u00e9l\u00e9gu\u00e9 \u00e0 la protection des donn\u00e9es, que vous pouvez contacter \u00e0 l&rsquo;adresse suivante : dpd@indaloblanc.com.<\/p>\n\n\n\n<p><strong>INFORMATIONS DE BASE SUR LA PROTECTION DES DONN\u00c9ES<\/strong><\/p>\n\n\n\n<figure class=\"wp-block-table\"><table class=\"has-fixed-layout\"><tbody><tr><td colspan=\"2\"><\/td><\/tr><tr><td>Site web<\/td><td><a href=\"http:\/\/www.indaloblanc.com\/\">www.indaloblanc.com<\/a><\/td><\/tr><tr><td>Titre du site web<\/td><td>INDALOBLANC, S.L.<\/td><\/tr><tr><td>Responsable du traitement de donn\u00e9es<\/td><td>INDALOBLANC, S.L., CIF: B-92.170.059, ci-apr\u00e8s d\u00e9nomm\u00e9e \u00ab l&rsquo;entreprise \u00bb<\/td><\/tr><tr><td>Contact du D\u00e9l\u00e9gu\u00e9 \u00e0 la protection des donn\u00e9es<\/td><td><a href=\"mailto:dpd@indaloblanc.com\">dpd@indaloblanc.com<\/a><\/td><\/tr><tr><td>Adresse postale<\/td><td>Ctra. Viator km. 1,5 \u2013 04120 La Ca\u00f1ada de San Urbano (Almer\u00eda) <\/td><\/tr><tr><td>Num\u00e9ro de t\u00e9l\u00e9phone<\/td><td>627448353<\/td><\/tr><tr><td>Adresse mail<\/td><td><a href=\"mailto:gestiondedatos@indaloblanc.com\">gestiondedatos@indaloblanc.com<\/a><\/td><\/tr><tr><td>Finalit\u00e9 (selon la situation applicable pour chaque cas).<\/td><td>Gestion, \u00e9tude et r\u00e9solution des questions pos\u00e9es \u00e0 travers le site web ; Gestion comptable, fiscale et administrative en cas de commandes ou d&rsquo;achats ; Gestion de la s\u00e9lection du personnel en cas d&rsquo;envoi d&rsquo;un curriculum vitae ; Envoi du bulletin d&rsquo;information en cas de demande expresse ; ainsi que, si cela est express\u00e9ment autoris\u00e9, l&rsquo;envoi de publicit\u00e9 pour les produits et services de l&rsquo;entreprise. En cas d&rsquo;inscription, obtenir des informations et recevoir des communications. En cas de participation, gestion des concours et promotions. Gestion du canal des r\u00e9clamations.  <\/td><\/tr><tr><td>L\u00e9galisation<\/td><td>L&rsquo;utilisateur donne son consentement en cochant la case : il d\u00e9clare accepter notre politique de confidentialit\u00e9 et\/ou, en fonction de la finalit\u00e9, le consentement accord\u00e9 en vertu de l&rsquo;envoi de questions ou de demandes par le biais des formulaires du pr\u00e9sent site, de l&rsquo;envoi de son curriculum vitae, de la demande d&rsquo;envoi du bulletin d&rsquo;information et\/ou de l&rsquo;autorisation d&rsquo;envoyer de la publicit\u00e9 pour les produits et les services de l&rsquo;entreprise. Respect de la loi 2\/2023 du 20 f\u00e9vrier, r\u00e9glementant la protection des personnes qui signalent des infractions r\u00e9glementaires et la lutte contre la corruption.<\/td><\/tr><tr><td>Conditions d&rsquo;acc\u00e8s<\/td><td>L&rsquo;utilisateur d\u00e9clare \u00eatre \u00e2g\u00e9 de plus de 14 ans et avoir la capacit\u00e9 juridique n\u00e9cessaire pour consentir au traitement de ses donn\u00e9es personnelles, conform\u00e9ment au contenu de la pr\u00e9sente politique de confidentialit\u00e9.<\/td><\/tr><tr><td>Destinataires<\/td><td>Les donn\u00e9es de l&rsquo;utilisateur seront transmises aux entreprises qui font partie du groupe d&rsquo;entreprises de la Soci\u00e9t\u00e9 et\/ou \u00e0 des tiers aux fins susmentionn\u00e9es. Les donn\u00e9es fournies ne seront en aucun cas transf\u00e9r\u00e9es \u00e0 des tiers, \u00e0 l&rsquo;exception des entit\u00e9s, le cas \u00e9ch\u00e9ant, d\u00e9taill\u00e9es ci-dessous ou lors du remplissage des formulaires de consentement. <\/td><\/tr><tr><td>Droits<\/td><td>Acc\u00e8s, rectification, suppression, portabilit\u00e9, limitation, annulation, retrait de donn\u00e9es et\/ou tout autre droit l\u00e9galement reconnu. D\u00e9poser une r\u00e9clamation aupr\u00e8s de l&rsquo;Agence Espagnole de la protection des donn\u00e9es. <\/td><\/tr><tr><td>Informations suppl\u00e9mentaires<\/td><td>Pouvez demander des informations suppl\u00e9mentaires et d\u00e9taill\u00e9es sur la protection des donn\u00e9es et\/ou l&rsquo;exercice de vos droits \u00e0 l&rsquo;adresse <a href=\"mailto:gestiondedatos@indaloblanc.com\">gestiondedatos@indaloblanc.com<\/a> en joignant \u00e0 la demande une copie de votre carte d&rsquo;identit\u00e9 ou d&rsquo;un document \u00e9quivalent justificatif.<\/td><\/tr><\/tbody><\/table><\/figure>\n\n\n\n<p>La Soci\u00e9t\u00e9 conservera vos donn\u00e9es \u00e0 caract\u00e8re personnel pendant la dur\u00e9e n\u00e9cessaire en fonction des informations fournies et des p\u00e9riodes de conservation pr\u00e9vues par la r\u00e9glementation applicable.<\/p>\n\n\n\n<p>L&rsquo;entreprise informe \u00e9galement que les donn\u00e9es personnelles fournies seront exclusivement communiqu\u00e9es \u00e0:<\/p>\n\n\n\n<p>DESTINATAIRE: Pyramica Net Services<\/p>\n\n\n\n<p>OBJECTIF: Maintenance et h\u00e9bergement web<\/p>\n\n\n\n<p>et aux fins express\u00e9ment indiqu\u00e9es, le cas \u00e9ch\u00e9ant, lors de la fourniture des donn\u00e9es personnelles par l&rsquo;utilisateur via des formulaires web et\/ou tout autre type de document utilis\u00e9 pour l&rsquo;obtention de donn\u00e9es.<\/p>\n\n\n\n<p>Conform\u00e9ment \u00e0 l&rsquo;article 13 de la section 2 du R\u00e8glement (UE) 2016\/679 du Parlement europ\u00e9en et du Conseil du 27 avril 2016 et\/ou \u00e0 la r\u00e9glementation qui le d\u00e9veloppe et qui est applicable \u00e0 tout moment en mati\u00e8re de protection des donn\u00e9es personnelles des personnes physiques, il est pr\u00e9cis\u00e9 que le responsable du traitement des donn\u00e9es personnelles fournies, le cas \u00e9ch\u00e9ant, via le site web, est l&rsquo;entreprise dont les donn\u00e9es, la l\u00e9gitimation et la finalit\u00e9 du traitement, ainsi que les droits accord\u00e9s \u00e0 l&rsquo;utilisateur, ont \u00e9t\u00e9 expos\u00e9s pr\u00e9c\u00e9demment. Aux fins susmentionn\u00e9es, les donn\u00e9es fournies par l&rsquo;utilisateur seront incluses dans un fichier dont il est responsable et qui sera trait\u00e9 conform\u00e9ment aux dispositions l\u00e9gales applicables \u00e0 tout moment, aux fins de la gestion et du traitement de chacun des services demand\u00e9s et\/ou express\u00e9ment consentis par l&rsquo;utilisateur conform\u00e9ment \u00e0 ce qui pr\u00e9c\u00e8de. <\/p>\n\n\n\n<p>En outre, l&rsquo;utilisateur peut, dans tous les cas, s&rsquo;adresser \u00e0 l&rsquo;Agence espagnole de protection des donn\u00e9es pour obtenir des informations compl\u00e9mentaires sur les droits susmentionn\u00e9s ou pour d\u00e9poser une r\u00e9clamation aupr\u00e8s de cette derni\u00e8re, en particulier lorsqu&rsquo;il pense que ses droits ont \u00e9t\u00e9 viol\u00e9s.<\/p>\n\n\n\n<p>De m\u00eame, l&rsquo;utilisateur peut se d\u00e9sabonner de tous les services d&rsquo;abonnement fournis en cliquant sur la section de d\u00e9sabonnement de tous les courriers \u00e9lectroniques envoy\u00e9s par le fournisseur.<\/p>\n\n\n\n<p>Le fournisseur a adopt\u00e9 toutes les mesures techniques et organisationnelles n\u00e9cessaires pour garantir la s\u00e9curit\u00e9 et l&rsquo;int\u00e9grit\u00e9 des donn\u00e9es \u00e0 caract\u00e8re personnel qu&rsquo;il traite, ainsi que pour \u00e9viter leur perte, leur alt\u00e9ration et\/ou leur acc\u00e8s par des tiers non autoris\u00e9s. Cependant, l&rsquo;Utilisateur doit prendre en compte que la s\u00e9curit\u00e9 des syst\u00e8mes n&rsquo;est pas infaillible et des actions malveillantes de tiers peuvent se produire, bien que l&rsquo;entreprise mette en \u0153uvre tous les moyens \u00e0 sa disposition pour pr\u00e9venir de telles actions. Vous pouvez demander plus d&rsquo;informations sur nos mesures de s\u00e9curit\u00e9 \u00e0 l&rsquo;adresse e-mail <a href=\"mailto:gestiondedatos@indaloblanc.com\">gestiondedatos@indaloblanc.com<\/a>  <\/p>\n<\/div>\n<\/div>\n","protected":false},"excerpt":{"rendered":"<p>La pr\u00e9sente politique de confidentialit\u00e9 s&rsquo;applique au traitement des donn\u00e9es personnelles des clients et\/ou utilisateurs du site web www.indaloblanc.com, dont le responsable du traitement des donn\u00e9es est INDALOBLANC, S.L., CIF : B-92.170.059, ci-apr\u00e8s d\u00e9nomm\u00e9 \u00ab\u00a0l&rsquo;entreprise\u00a0\u00bb. CONFIDENTIALIT\u00c9 ET PROTECTION DES DONN\u00c9ES La pr\u00e9sente politique de confidentialit\u00e9 vise \u00e0 fournir des informations sur les droits qui vous&hellip;<\/p>\n","protected":false},"author":1,"featured_media":20450,"parent":0,"menu_order":0,"comment_status":"closed","ping_status":"closed","template":"","meta":{"_acf_changed":false,"_joinchat":[],"footnotes":""},"class_list":["post-20861","page","type-page","status-publish","has-post-thumbnail","hentry"],"acf":[],"_links":{"self":[{"href":"https:\/\/www.indaloblanc.com\/fr\/wp-json\/wp\/v2\/pages\/20861","targetHints":{"allow":["GET"]}}],"collection":[{"href":"https:\/\/www.indaloblanc.com\/fr\/wp-json\/wp\/v2\/pages"}],"about":[{"href":"https:\/\/www.indaloblanc.com\/fr\/wp-json\/wp\/v2\/types\/page"}],"author":[{"embeddable":true,"href":"https:\/\/www.indaloblanc.com\/fr\/wp-json\/wp\/v2\/users\/1"}],"replies":[{"embeddable":true,"href":"https:\/\/www.indaloblanc.com\/fr\/wp-json\/wp\/v2\/comments?post=20861"}],"version-history":[{"count":1,"href":"https:\/\/www.indaloblanc.com\/fr\/wp-json\/wp\/v2\/pages\/20861\/revisions"}],"predecessor-version":[{"id":20862,"href":"https:\/\/www.indaloblanc.com\/fr\/wp-json\/wp\/v2\/pages\/20861\/revisions\/20862"}],"wp:featuredmedia":[{"embeddable":true,"href":"https:\/\/www.indaloblanc.com\/fr\/wp-json\/wp\/v2\/media\/20450"}],"wp:attachment":[{"href":"https:\/\/www.indaloblanc.com\/fr\/wp-json\/wp\/v2\/media?parent=20861"}],"curies":[{"name":"wp","href":"https:\/\/api.w.org\/{rel}","templated":true}]}}