{"id":20885,"date":"2024-12-10T17:48:15","date_gmt":"2024-12-10T16:48:15","guid":{"rendered":"https:\/\/www.indaloblanc.com\/nouvelles\/"},"modified":"2025-02-20T16:21:46","modified_gmt":"2025-02-20T15:21:46","slug":"nouvelles","status":"publish","type":"page","link":"https:\/\/www.indaloblanc.com\/fr\/nouvelles\/","title":{"rendered":"Nouvelles"},"content":{"rendered":"\n<div class=\"wp-block-columns is-layout-flex wp-container-core-columns-is-layout-9d6595d7 wp-block-columns-is-layout-flex\">\n<div class=\"wp-block-column is-layout-flow wp-block-column-is-layout-flow\"><ul class=\"wp-block-latest-posts__list is-grid columns-3 aligncenter wp-block-latest-posts\"><li><div class=\"wp-block-latest-posts__featured-image aligncenter\"><img loading=\"lazy\" decoding=\"async\" width=\"150\" height=\"150\" src=\"https:\/\/www.indaloblanc.com\/wp-content\/uploads\/2018\/11\/sombreado-e1542706341738-150x150.jpg\" class=\"attachment-thumbnail size-thumbnail wp-post-image\" alt=\"\" style=\"\" \/><\/div><a class=\"wp-block-latest-posts__post-title\" href=\"https:\/\/www.indaloblanc.com\/fr\/2024\/07\/indaloblanc-innovacion-y-calidad-en-proteccion-solar-para-invernaderos\/\">INDALOBLANC S.L. : Innovation et Qualit\u00e9 dans la Protection Solaire pour Serres<\/a><\/li>\n<li><div class=\"wp-block-latest-posts__featured-image aligncenter\"><img loading=\"lazy\" decoding=\"async\" width=\"150\" height=\"150\" src=\"https:\/\/www.indaloblanc.com\/wp-content\/uploads\/2025\/03\/20180425_114109-web-150x150.jpg\" class=\"attachment-thumbnail size-thumbnail wp-post-image\" alt=\"\" style=\"\" srcset=\"https:\/\/www.indaloblanc.com\/wp-content\/uploads\/2025\/03\/20180425_114109-web-150x150.jpg 150w, https:\/\/www.indaloblanc.com\/wp-content\/uploads\/2025\/03\/20180425_114109-web-300x300.jpg 300w, https:\/\/www.indaloblanc.com\/wp-content\/uploads\/2025\/03\/20180425_114109-web.jpg 400w\" sizes=\"auto, (max-width: 150px) 100vw, 150px\" \/><\/div><a class=\"wp-block-latest-posts__post-title\" href=\"https:\/\/www.indaloblanc.com\/fr\/2024\/07\/encalado-y-pintado-de-invernaderos-la-solucion-ideal-para-la-proteccion-solar\/\">Chaulage et Peinture de Serres : La Solution Id\u00e9ale pour la Protection Solaire<\/a><\/li>\n<li><div class=\"wp-block-latest-posts__featured-image aligncenter\"><img loading=\"lazy\" decoding=\"async\" width=\"150\" height=\"150\" src=\"https:\/\/www.indaloblanc.com\/wp-content\/uploads\/2018\/11\/cubo-indaloblanc-fix-6-1-150x150.png\" class=\"attachment-thumbnail size-thumbnail wp-post-image\" alt=\"\" style=\"\" srcset=\"https:\/\/www.indaloblanc.com\/wp-content\/uploads\/2018\/11\/cubo-indaloblanc-fix-6-1-150x150.png 150w, https:\/\/www.indaloblanc.com\/wp-content\/uploads\/2018\/11\/cubo-indaloblanc-fix-6-1-300x300.png 300w, https:\/\/www.indaloblanc.com\/wp-content\/uploads\/2018\/11\/cubo-indaloblanc-fix-6-1-768x768.png 768w, https:\/\/www.indaloblanc.com\/wp-content\/uploads\/2018\/11\/cubo-indaloblanc-fix-6-1.png 1000w\" sizes=\"auto, (max-width: 150px) 100vw, 150px\" \/><\/div><a class=\"wp-block-latest-posts__post-title\" href=\"https:\/\/www.indaloblanc.com\/fr\/2024\/07\/comparativa-de-productos-para-blanquear-invernaderos-indaloblanc-fix-3-y-indaloblanc-fix-6\/\">Comparaison de Produits : INDALOBLANC\u00ae FIX 3 et INDALOBLANC\u00ae FIX 6<\/a><\/li>\n<li><div class=\"wp-block-latest-posts__featured-image aligncenter\"><img loading=\"lazy\" decoding=\"async\" width=\"150\" height=\"150\" src=\"https:\/\/www.indaloblanc.com\/wp-content\/uploads\/2024\/04\/blanquear-invernadero-2-150x150.jpg\" class=\"attachment-thumbnail size-thumbnail wp-post-image\" alt=\"\" style=\"\" srcset=\"https:\/\/www.indaloblanc.com\/wp-content\/uploads\/2024\/04\/blanquear-invernadero-2-150x150.jpg 150w, https:\/\/www.indaloblanc.com\/wp-content\/uploads\/2024\/04\/blanquear-invernadero-2-300x300.jpg 300w, https:\/\/www.indaloblanc.com\/wp-content\/uploads\/2024\/04\/blanquear-invernadero-2-768x768.jpg 768w, https:\/\/www.indaloblanc.com\/wp-content\/uploads\/2024\/04\/blanquear-invernadero-2.jpg 1024w\" sizes=\"auto, (max-width: 150px) 100vw, 150px\" \/><\/div><a class=\"wp-block-latest-posts__post-title\" href=\"https:\/\/www.indaloblanc.com\/fr\/2024\/04\/blanchiment-dune-serre\/\">Blanchiment d&rsquo;une serre<\/a><\/li>\n<li><div class=\"wp-block-latest-posts__featured-image aligncenter\"><img loading=\"lazy\" decoding=\"async\" width=\"150\" height=\"150\" src=\"https:\/\/www.indaloblanc.com\/wp-content\/uploads\/2023\/05\/IE2023-white-poster-ES-1275px-150x150.jpg\" class=\"attachment-thumbnail size-thumbnail wp-post-image\" alt=\"\" style=\"\" \/><\/div><a class=\"wp-block-latest-posts__post-title\" href=\"https:\/\/www.indaloblanc.com\/fr\/2023\/05\/indaloblanc-s-l-sera-present-a-linfoagro-exhibition-2023\/\">Indaloblanc S.L. sera pr\u00e9sent \u00e0 l\u2019Infoagro Exhibition 2023<br><\/a><\/li>\n<li><div class=\"wp-block-latest-posts__featured-image aligncenter\"><img loading=\"lazy\" decoding=\"async\" width=\"150\" height=\"150\" src=\"https:\/\/www.indaloblanc.com\/wp-content\/uploads\/2018\/11\/INDALOBALNC_25-1024x683-e1541497302774-150x150.jpg\" class=\"attachment-thumbnail size-thumbnail wp-post-image\" alt=\"\" style=\"\" \/><\/div><a class=\"wp-block-latest-posts__post-title\" href=\"https:\/\/www.indaloblanc.com\/fr\/2021\/07\/avantages-de-lutilisation-des-produits-de-blanchiment-indaloblanc-s-l\/\">Avantages de l&rsquo;utilisation des produits de blanchiment Indaloblanc S.L.<br><\/a><\/li>\n<li><div class=\"wp-block-latest-posts__featured-image aligncenter\"><img loading=\"lazy\" decoding=\"async\" width=\"150\" height=\"150\" src=\"https:\/\/www.indaloblanc.com\/wp-content\/uploads\/2020\/10\/C0064.MP4.04_09_04_09.Imagen-fija001-150x150.jpg\" class=\"attachment-thumbnail size-thumbnail wp-post-image\" alt=\"\" style=\"\" \/><\/div><a class=\"wp-block-latest-posts__post-title\" href=\"https:\/\/www.indaloblanc.com\/fr\/2020\/10\/comment-preparer-la-solution-dapplication-des-produits-de-blanchiment\/\">Comment pr\u00e9parer la solution d&rsquo;application des produits de blanchiment<br><\/a><\/li>\n<li><div class=\"wp-block-latest-posts__featured-image aligncenter\"><img loading=\"lazy\" decoding=\"async\" width=\"150\" height=\"150\" src=\"https:\/\/www.indaloblanc.com\/wp-content\/uploads\/2019\/11\/olives-253264_1920-150x150.jpg\" class=\"attachment-thumbnail size-thumbnail wp-post-image\" alt=\"\" style=\"\" \/><\/div><a class=\"wp-block-latest-posts__post-title\" href=\"https:\/\/www.indaloblanc.com\/fr\/2019\/11\/le-stockage-prive-pour-lhuile-dolive-vierge-arrive\/\">LE STOCKAGE PRIV\u00c9 POUR L\u2019HUILE D\u2019OLIVE VIERGE ARRIVE<br><\/a><\/li>\n<li><div class=\"wp-block-latest-posts__featured-image aligncenter\"><img loading=\"lazy\" decoding=\"async\" width=\"150\" height=\"150\" src=\"https:\/\/www.indaloblanc.com\/wp-content\/uploads\/2019\/06\/Aguacate-Web-e1601886033579-150x150.jpg\" class=\"attachment-thumbnail size-thumbnail wp-post-image\" alt=\"\" style=\"\" \/><\/div><a class=\"wp-block-latest-posts__post-title\" href=\"https:\/\/www.indaloblanc.com\/fr\/2019\/06\/le-registre-des-exploitations-agricoles-reafa-entrera-en-vigueur-le-1er-octobre\/\">Le Registre des Exploitations Agricoles (Reafa) entrera en vigueur le 1er octobre<br><\/a><\/li>\n<li><div class=\"wp-block-latest-posts__featured-image aligncenter\"><img loading=\"lazy\" decoding=\"async\" width=\"150\" height=\"150\" src=\"https:\/\/www.indaloblanc.com\/wp-content\/uploads\/2019\/01\/nacho-dominguez-argenta-511475-unsplash-1-150x150.jpg\" class=\"attachment-thumbnail size-thumbnail wp-post-image\" alt=\"\" style=\"\" \/><\/div><a class=\"wp-block-latest-posts__post-title\" href=\"https:\/\/www.indaloblanc.com\/fr\/2019\/02\/publication-du-rapport-final-de-la-recolte-2018-aop-igp-en-andalousie\/\">Publication du rapport final de la r\u00e9colte 2018 (AOP\/IGP) en Andalousie.<br><\/a><\/li>\n<li><div class=\"wp-block-latest-posts__featured-image aligncenter\"><img loading=\"lazy\" decoding=\"async\" width=\"150\" height=\"150\" src=\"https:\/\/www.indaloblanc.com\/wp-content\/uploads\/2019\/01\/Plan-Renove-1-150x150.jpg\" class=\"attachment-thumbnail size-thumbnail wp-post-image\" alt=\"\" style=\"\" \/><\/div><a class=\"wp-block-latest-posts__post-title\" href=\"https:\/\/www.indaloblanc.com\/fr\/2019\/01\/publication-de-la-liste-des-beneficiaires-des-aides-a-la-modernisation-des-serres\/\">Publication de la liste des b\u00e9n\u00e9ficiaires des aides \u00e0 la modernisation des serres<\/a><\/li>\n<li><div class=\"wp-block-latest-posts__featured-image aligncenter\"><img loading=\"lazy\" decoding=\"async\" width=\"150\" height=\"150\" src=\"https:\/\/www.indaloblanc.com\/wp-content\/uploads\/2018\/10\/version-ingles.00_00_06_20.Imagen-fija003-e1542706654773-150x150.jpg\" class=\"attachment-thumbnail size-thumbnail wp-post-image\" alt=\"\" style=\"\" \/><\/div><a class=\"wp-block-latest-posts__post-title\" href=\"https:\/\/www.indaloblanc.com\/fr\/2018\/11\/limportance-de-lombrage-dans-les-serres\/\">L&rsquo;importance de l&rsquo;ombrage dans les serres<br><\/a><\/li>\n<li><div class=\"wp-block-latest-posts__featured-image aligncenter\"><img loading=\"lazy\" decoding=\"async\" width=\"150\" height=\"150\" src=\"https:\/\/www.indaloblanc.com\/wp-content\/uploads\/2018\/10\/Gordal-Sevillana-e1541496972192-150x150.jpg\" class=\"attachment-thumbnail size-thumbnail wp-post-image\" alt=\"\" style=\"\" \/><\/div><a class=\"wp-block-latest-posts__post-title\" href=\"https:\/\/www.indaloblanc.com\/fr\/2018\/10\/reconnaissance-nationale-en-tant-quigp-pour-les-olives-sevillanes-manzanilla-et-gordal\/\">Reconnaissance Nationale en Tant qu\u2019IGP pour les Olives Sevillanes Manzanilla et Gordal<br><\/a><\/li>\n<li><div class=\"wp-block-latest-posts__featured-image aligncenter\"><img loading=\"lazy\" decoding=\"async\" width=\"150\" height=\"150\" src=\"https:\/\/www.indaloblanc.com\/wp-content\/uploads\/2018\/10\/IMG_20180721_084620-e1541497001736-150x150.jpg\" class=\"attachment-thumbnail size-thumbnail wp-post-image\" alt=\"\" style=\"\" \/><\/div><a class=\"wp-block-latest-posts__post-title\" href=\"https:\/\/www.indaloblanc.com\/fr\/2018\/10\/la-consommation-de-fruits-et-legumes-dans-les-menages-espagnols-diminue-de-1-au-premier-semestre-2018\/\">La Consommation de Fruits et L\u00e9gumes dans les M\u00e9nages Espagnols Diminue de 1% au Premier Semestre 2018<br><\/a><\/li>\n<li><div class=\"wp-block-latest-posts__featured-image aligncenter\"><img loading=\"lazy\" decoding=\"async\" width=\"150\" height=\"150\" src=\"https:\/\/www.indaloblanc.com\/wp-content\/uploads\/2018\/11\/INDALOBALNC_25-1024x683-e1541497302774-150x150.jpg\" class=\"attachment-thumbnail size-thumbnail wp-post-image\" alt=\"\" style=\"\" \/><\/div><a class=\"wp-block-latest-posts__post-title\" href=\"https:\/\/www.indaloblanc.com\/fr\/2018\/09\/plan-renove-pour-les-serres-andalouses-lordre-a-ete-publie\/\">Plan RENOVE pour les Serres Andalouses : L&rsquo;Ordre a \u00e9t\u00e9 Publi\u00e9<br><\/a><\/li>\n<\/ul><\/div>\n<\/div>\n","protected":false},"excerpt":{"rendered":"","protected":false},"author":1,"featured_media":20546,"parent":0,"menu_order":0,"comment_status":"closed","ping_status":"closed","template":"","meta":{"_acf_changed":false,"_joinchat":[],"footnotes":""},"class_list":["post-20885","page","type-page","status-publish","has-post-thumbnail","hentry"],"acf":[],"_links":{"self":[{"href":"https:\/\/www.indaloblanc.com\/fr\/wp-json\/wp\/v2\/pages\/20885","targetHints":{"allow":["GET"]}}],"collection":[{"href":"https:\/\/www.indaloblanc.com\/fr\/wp-json\/wp\/v2\/pages"}],"about":[{"href":"https:\/\/www.indaloblanc.com\/fr\/wp-json\/wp\/v2\/types\/page"}],"author":[{"embeddable":true,"href":"https:\/\/www.indaloblanc.com\/fr\/wp-json\/wp\/v2\/users\/1"}],"replies":[{"embeddable":true,"href":"https:\/\/www.indaloblanc.com\/fr\/wp-json\/wp\/v2\/comments?post=20885"}],"version-history":[{"count":1,"href":"https:\/\/www.indaloblanc.com\/fr\/wp-json\/wp\/v2\/pages\/20885\/revisions"}],"predecessor-version":[{"id":20886,"href":"https:\/\/www.indaloblanc.com\/fr\/wp-json\/wp\/v2\/pages\/20885\/revisions\/20886"}],"wp:featuredmedia":[{"embeddable":true,"href":"https:\/\/www.indaloblanc.com\/fr\/wp-json\/wp\/v2\/media\/20546"}],"wp:attachment":[{"href":"https:\/\/www.indaloblanc.com\/fr\/wp-json\/wp\/v2\/media?parent=20885"}],"curies":[{"name":"wp","href":"https:\/\/api.w.org\/{rel}","templated":true}]}}