{"id":21633,"date":"2025-03-03T11:55:59","date_gmt":"2025-03-03T10:55:59","guid":{"rendered":"https:\/\/www.indaloblanc.com\/por-que-es-importante\/"},"modified":"2025-03-06T11:25:35","modified_gmt":"2025-03-06T10:25:35","slug":"por-que-es-importante","status":"publish","type":"page","link":"https:\/\/www.indaloblanc.com\/fr\/por-que-es-importante\/","title":{"rendered":"Pourquoi est-ce important ?"},"content":{"rendered":"\n<div class=\"wp-block-columns are-vertically-aligned-center is-layout-flex wp-container-core-columns-is-layout-62db62f3 wp-block-columns-is-layout-flex\" style=\"padding-top:0;padding-bottom:0\">\n<div class=\"wp-block-column is-layout-flow wp-block-column-is-layout-flow\"><\/div>\n\n\n\n<div class=\"wp-block-column is-layout-flow wp-block-column-is-layout-flow\"><\/div>\n<\/div>\n\n\n\n<div style=\"height:100px\" aria-hidden=\"true\" class=\"wp-block-spacer\"><\/div>\n\n\n\n<div class=\"wp-block-columns is-layout-flex wp-container-core-columns-is-layout-52c2aa69 wp-block-columns-is-layout-flex\" style=\"padding-top:var(--wp--preset--spacing--30);padding-right:var(--wp--preset--spacing--80);padding-bottom:var(--wp--preset--spacing--30);padding-left:var(--wp--preset--spacing--80)\">\n<div class=\"wp-block-column is-vertically-aligned-center is-layout-flow wp-block-column-is-layout-flow\">\n<figure class=\"wp-block-image alignright size-full\"><img loading=\"lazy\" decoding=\"async\" width=\"850\" height=\"1133\" src=\"https:\/\/www.indaloblanc.com\/wp-content\/uploads\/2025\/03\/20180425_095419-1.jpg\" alt=\"\" class=\"wp-image-21548\" srcset=\"https:\/\/www.indaloblanc.com\/wp-content\/uploads\/2025\/03\/20180425_095419-1.jpg 850w, https:\/\/www.indaloblanc.com\/wp-content\/uploads\/2025\/03\/20180425_095419-1-225x300.jpg 225w, https:\/\/www.indaloblanc.com\/wp-content\/uploads\/2025\/03\/20180425_095419-1-768x1024.jpg 768w\" sizes=\"auto, (max-width: 850px) 100vw, 850px\" \/><\/figure>\n<\/div>\n\n\n\n<div class=\"wp-block-column is-vertically-aligned-center is-layout-flow wp-block-column-is-layout-flow\" style=\"padding-top:var(--wp--preset--spacing--60);padding-right:var(--wp--preset--spacing--80);padding-bottom:var(--wp--preset--spacing--60);padding-left:var(--wp--preset--spacing--80)\">\n<p><\/p>\n\n\n\n<p><br>Pendant la majeure partie du cycle de production dans les <strong>serres du bassin m\u00e9diterran\u00e9en<\/strong>, des temp\u00e9ratures maximales diurnes tr\u00e8s \u00e9lev\u00e9es peuvent \u00eatre atteintes, et \u00e0 l&rsquo;int\u00e9rieur des serres, les <strong>temp\u00e9ratures peuvent atteindre des niveaux incompatibles avec le bon d\u00e9veloppement des cultures<\/strong>.<\/p>\n\n\n\n<p><\/p>\n\n\n\n<p>L&rsquo;exc\u00e8s de radiation solaire et de temp\u00e9rature peut provoquer un stress hydrique, ce qui affecte la croissance de la plante en r\u00e9duisant la hauteur, la tige, les racines, la surface foliaire, le poids sp\u00e9cifique des feuilles et la biomasse de la plante, car ces facteurs influencent le processus de photosynth\u00e8se.<\/p>\n\n\n\n<p><\/p>\n\n\n\n<p>Pour r\u00e9soudre ces probl\u00e8mes, il est n\u00e9cessaire de recourir \u00e0 certaines <strong>techniques de climatisation<\/strong> afin de r\u00e9duire les effets. L&rsquo;une des techniques les plus utilis\u00e9es est le <strong>blanchiment de la couverture des serres<\/strong>, qui refl\u00e8te la lumi\u00e8re et r\u00e9duit ainsi la chaleur \u00e0 l&rsquo;int\u00e9rieur de la serre.<\/p>\n\n\n\n<p><\/p>\n\n\n\n<p><strong>L\u2019ombrage des serres<\/strong> constitue une pratique essentielle pour contr\u00f4ler la temp\u00e9rature et la radiation qui atteignent nos cultures, \u00e9vitant les dommages potentiels que ces facteurs peuvent causer. Il est important de pr\u00eater attention \u00e0 la fois aux doses et aux dates de blanchiment, car un exc\u00e8s de lumi\u00e8re peut provoquer une saturation lumineuse pour la culture, et son absence peut provoquer un allongement des plantes ou m\u00eame l&rsquo;avortement de certaines fleurs.<br><br><br><br><\/p>\n<\/div>\n<\/div>\n\n\n\n<div style=\"height:100px\" aria-hidden=\"true\" class=\"wp-block-spacer\"><\/div>\n","protected":false},"excerpt":{"rendered":"<p>Pendant la majeure partie du cycle de production dans les serres du bassin m\u00e9diterran\u00e9en, des temp\u00e9ratures maximales diurnes tr\u00e8s \u00e9lev\u00e9es peuvent \u00eatre atteintes, et \u00e0 l&rsquo;int\u00e9rieur des serres, les temp\u00e9ratures peuvent atteindre des niveaux incompatibles avec le bon d\u00e9veloppement des cultures. L&rsquo;exc\u00e8s de radiation solaire et de temp\u00e9rature peut provoquer un stress hydrique, ce qui&hellip;<\/p>\n","protected":false},"author":1,"featured_media":20725,"parent":0,"menu_order":0,"comment_status":"closed","ping_status":"closed","template":"","meta":{"_acf_changed":false,"_joinchat":[],"footnotes":""},"class_list":["post-21633","page","type-page","status-publish","has-post-thumbnail","hentry"],"acf":[],"_links":{"self":[{"href":"https:\/\/www.indaloblanc.com\/fr\/wp-json\/wp\/v2\/pages\/21633","targetHints":{"allow":["GET"]}}],"collection":[{"href":"https:\/\/www.indaloblanc.com\/fr\/wp-json\/wp\/v2\/pages"}],"about":[{"href":"https:\/\/www.indaloblanc.com\/fr\/wp-json\/wp\/v2\/types\/page"}],"author":[{"embeddable":true,"href":"https:\/\/www.indaloblanc.com\/fr\/wp-json\/wp\/v2\/users\/1"}],"replies":[{"embeddable":true,"href":"https:\/\/www.indaloblanc.com\/fr\/wp-json\/wp\/v2\/comments?post=21633"}],"version-history":[{"count":1,"href":"https:\/\/www.indaloblanc.com\/fr\/wp-json\/wp\/v2\/pages\/21633\/revisions"}],"predecessor-version":[{"id":21640,"href":"https:\/\/www.indaloblanc.com\/fr\/wp-json\/wp\/v2\/pages\/21633\/revisions\/21640"}],"wp:featuredmedia":[{"embeddable":true,"href":"https:\/\/www.indaloblanc.com\/fr\/wp-json\/wp\/v2\/media\/20725"}],"wp:attachment":[{"href":"https:\/\/www.indaloblanc.com\/fr\/wp-json\/wp\/v2\/media?parent=21633"}],"curies":[{"name":"wp","href":"https:\/\/api.w.org\/{rel}","templated":true}]}}