{"id":20836,"date":"2024-11-14T17:36:45","date_gmt":"2024-11-14T16:36:45","guid":{"rendered":"https:\/\/www.indaloblanc.com\/indaloblanc\/"},"modified":"2025-04-21T09:52:53","modified_gmt":"2025-04-21T07:52:53","slug":"indaloblanc","status":"publish","type":"page","link":"https:\/\/www.indaloblanc.com\/it\/indaloblanc\/","title":{"rendered":"Indaloblanc"},"content":{"rendered":"\n<div class=\"wp-block-columns are-vertically-aligned-center is-layout-flex wp-container-core-columns-is-layout-62db62f3 wp-block-columns-is-layout-flex\" style=\"padding-top:0;padding-bottom:0\">\n<div class=\"wp-block-column is-vertically-aligned-center is-layout-flow wp-block-column-is-layout-flow\" style=\"padding-top:var(--wp--preset--spacing--70);padding-bottom:var(--wp--preset--spacing--70);flex-basis:100%\">\n<h2 class=\"wp-block-heading has-text-align-center\">PERCH\u00c9 SCEGLIERE INDALOBLANC?<\/h2>\n<\/div>\n<\/div>\n\n\n\n<div class=\"wp-block-columns is-layout-flex wp-container-core-columns-is-layout-52c2aa69 wp-block-columns-is-layout-flex\" style=\"padding-top:var(--wp--preset--spacing--30);padding-right:var(--wp--preset--spacing--80);padding-bottom:var(--wp--preset--spacing--30);padding-left:var(--wp--preset--spacing--80)\">\n<div class=\"wp-block-column is-vertically-aligned-center is-layout-flow wp-block-column-is-layout-flow\">\n<figure class=\"wp-block-image size-full\"><img loading=\"lazy\" decoding=\"async\" width=\"810\" height=\"1080\" src=\"https:\/\/www.indaloblanc.com\/wp-content\/uploads\/2024\/11\/version-ingles.00_00_53_05.Imagen-fija006-2-edited.jpg\" alt=\"\" class=\"wp-image-20403\" srcset=\"https:\/\/www.indaloblanc.com\/wp-content\/uploads\/2024\/11\/version-ingles.00_00_53_05.Imagen-fija006-2-edited.jpg 810w, https:\/\/www.indaloblanc.com\/wp-content\/uploads\/2024\/11\/version-ingles.00_00_53_05.Imagen-fija006-2-edited-225x300.jpg 225w, https:\/\/www.indaloblanc.com\/wp-content\/uploads\/2024\/11\/version-ingles.00_00_53_05.Imagen-fija006-2-edited-768x1024.jpg 768w\" sizes=\"auto, (max-width: 810px) 100vw, 810px\" \/><\/figure>\n<\/div>\n\n\n\n<div class=\"wp-block-column is-vertically-aligned-center is-layout-flow wp-block-column-is-layout-flow\" style=\"padding-top:var(--wp--preset--spacing--60);padding-right:var(--wp--preset--spacing--80);padding-bottom:var(--wp--preset--spacing--60);padding-left:var(--wp--preset--spacing--80)\">\n<p><strong>INDALOBLANC<strong><sup>\u00ae<\/sup><\/strong> S.L.<\/strong> \u00e8 un&#8217;azienda dedicata e specializzata nello sviluppo e nella produzione di <strong>prodotti sbiancanti ad alta resistenza agli agenti atmosferici nelle serre<\/strong>, offrendo una soluzione globale all&#8217;agricoltura intensiva sotto plastica.<\/p>\n\n\n\n<p><strong>INDALOBLANC<strong><sup>\u00ae<\/sup><\/strong> S.L<\/strong>. affronta la sfida e si impegna a offrire al mercato nazionale e internazionale una gamma di prodotti agricoli <strong>efficaci, sostenibili e rispettosi dell&#8217;ambiente<\/strong>.<\/p>\n\n\n\n<p>I nostri oltre <strong>20 anni di esperienza<\/strong> nel settore agricolo ci rendono un punto di riferimento nel mercato dei prodotti sbiancanti, offrendo una gamma di prodotti di qualit\u00e0 eccezionale e riconosciuta. Questo \u00e8 il risultato di un intenso lavoro di ricerca e di un attento studio dei loro componenti e delle loro propriet\u00e0 presso le nostre strutture nella provincia di Almer\u00eda (Spagna), una delle zone con la pi\u00f9 alta concentrazione di serre al mondo. Questo ambiente ci fornisce l&#8217;ecosistema ideale per offrire la gamma di prodotti pi\u00f9 ampia e di migliore qualit\u00e0 sul mercato.<\/p>\n\n\n\n<p>Presso <strong>INDALOBLANC<strong><sup>\u00ae<\/sup><\/strong> S.L.<\/strong>, contiamo sui migliori professionisti in tutta la nostra struttura aziendale, formando una piccola famiglia piena di entusiasmo e dedizione per offrire le migliori soluzioni agli agricoltori.<\/p>\n\n\n\n<div style=\"height:61px\" aria-hidden=\"true\" class=\"wp-block-spacer\"><\/div>\n<\/div>\n<\/div>\n","protected":false},"excerpt":{"rendered":"<p>PERCH\u00c9 SCEGLIERE INDALOBLANC? INDALOBLANC\u00ae S.L. \u00e8 un&#8217;azienda dedicata e specializzata nello sviluppo e nella produzione di prodotti sbiancanti ad alta resistenza agli agenti atmosferici nelle serre, offrendo una soluzione globale all&#8217;agricoltura intensiva sotto plastica. INDALOBLANC\u00ae S.L. affronta la sfida e si impegna a offrire al mercato nazionale e internazionale una gamma di prodotti agricoli efficaci,&hellip;<\/p>\n","protected":false},"author":1,"featured_media":20726,"parent":0,"menu_order":0,"comment_status":"closed","ping_status":"closed","template":"","meta":{"_acf_changed":false,"_joinchat":[],"footnotes":""},"class_list":["post-20836","page","type-page","status-publish","has-post-thumbnail","hentry"],"acf":[],"_links":{"self":[{"href":"https:\/\/www.indaloblanc.com\/it\/wp-json\/wp\/v2\/pages\/20836","targetHints":{"allow":["GET"]}}],"collection":[{"href":"https:\/\/www.indaloblanc.com\/it\/wp-json\/wp\/v2\/pages"}],"about":[{"href":"https:\/\/www.indaloblanc.com\/it\/wp-json\/wp\/v2\/types\/page"}],"author":[{"embeddable":true,"href":"https:\/\/www.indaloblanc.com\/it\/wp-json\/wp\/v2\/users\/1"}],"replies":[{"embeddable":true,"href":"https:\/\/www.indaloblanc.com\/it\/wp-json\/wp\/v2\/comments?post=20836"}],"version-history":[{"count":3,"href":"https:\/\/www.indaloblanc.com\/it\/wp-json\/wp\/v2\/pages\/20836\/revisions"}],"predecessor-version":[{"id":21779,"href":"https:\/\/www.indaloblanc.com\/it\/wp-json\/wp\/v2\/pages\/20836\/revisions\/21779"}],"wp:featuredmedia":[{"embeddable":true,"href":"https:\/\/www.indaloblanc.com\/it\/wp-json\/wp\/v2\/media\/20726"}],"wp:attachment":[{"href":"https:\/\/www.indaloblanc.com\/it\/wp-json\/wp\/v2\/media?parent=20836"}],"curies":[{"name":"wp","href":"https:\/\/api.w.org\/{rel}","templated":true}]}}