{"id":20863,"date":"2024-11-21T17:45:43","date_gmt":"2024-11-21T16:45:43","guid":{"rendered":"https:\/\/www.indaloblanc.com\/politica-sulla-privacy\/"},"modified":"2025-02-05T15:55:58","modified_gmt":"2025-02-05T14:55:58","slug":"politica-sulla-privacy","status":"publish","type":"page","link":"https:\/\/www.indaloblanc.com\/it\/politica-sulla-privacy\/","title":{"rendered":"Politica sulla Privacy"},"content":{"rendered":"\n<div class=\"wp-block-columns is-layout-flex wp-container-core-columns-is-layout-9d6595d7 wp-block-columns-is-layout-flex\">\n<div class=\"wp-block-column is-layout-flow wp-block-column-is-layout-flow\">\n<p>La presente politica sulla privacy si applica al trattamento dei dati personali dei clienti e\/o utenti del sito web <a href=\"https:\/\/www.indaloblanc.com\/\">www.indaloblanc.com<\/a>, il cui responsabile del trattamento dei dati \u00e8 INDALOBLANC, S.L., CIF: B-92.170.059, di seguito denominata \u201cl\u2019azienda<\/p>\n\n\n\n<p><strong>CONFIDENZIALIT\u00c0 E PROTEZIONE DEI DATI<\/strong><\/p>\n\n\n\n<p>La presente Informativa sulla privacy ha lo scopo di fornire informazioni sui diritti che le spettano ai sensi di quanto stabilito dal REGOLAMENTO (UE) 2016\/679 DEL PARLAMENTO EUROPEO e del CONSIGLIO, del 27 aprile 2016, relativo alla protezione delle persone fisiche con riguardo al trattamento dei dati personali e alla libera circolazione di tali dati e che abroga la direttiva 95\/46\/CE (Regolamento generale sulla protezione dei dati) e la LO 3\/2018. Le informazioni sui suoi dati personali, ai sensi dell\u2019articolo 13 della sezione 2 del citato regolamento e della LO 3\/2018. <\/p>\n\n\n\n<p>Facendo pervenire i suoi dati, il cliente e\/o l\u2019utente dichiara di aver letto e conosciuto la presente Informativa sulla privacy, prestando il suo consenso inequivocabile ed espresso al trattamento dei suoi dati personali secondo le finalit\u00e0 e i termini qui espressi.<\/p>\n\n\n\n<p>L\u2019azienda potr\u00e0 modificare la presente Informativa sulla privacy per adattarla alle novit\u00e0 legislative, giurisprudenziali o di interpretazione dell\u2019Agenzia Spagnola per la Protezione dei Dati. Queste condizioni di privacy potranno essere integrate dalle Condizioni legali, dalla Politica sui cookie e dalle Condizioni generali che, se del caso, verranno raccolte per determinati prodotti o servizi, se l\u2019accesso comporta una specialit\u00e0 in materia di protezione dei dati personali. <\/p>\n\n\n\n<p>Inoltre, le informiamo che INDALOBLANC, S.L., dispone di un Delegato per la Protezione dei Dati, con il quale potr\u00e0 mettersi in contatto all\u2019indirizzo seguente: dpd@indaloblanc.com<\/p>\n\n\n\n<p><strong>INFORMAZIONI DI BASE SULLA PROTEZIONE DEI DATI<\/strong><\/p>\n\n\n\n<figure class=\"wp-block-table\"><table class=\"has-fixed-layout\"><tbody><tr><td colspan=\"2\"><\/td><\/tr><tr><td>Sito Web<\/td><td><a href=\"http:\/\/www.indaloblanc.com\/\">www.indaloblanc.com<\/a><\/td><\/tr><tr><td>Titolare del sito web<\/td><td>INDALOBLANC, S.L.<\/td><\/tr><tr><td>Responsabile trattamento dati<\/td><td>INDALOBLANC, S.L., CIF: B-92.170.059, di seguito \u201cl\u2019azienda\u201d<br\/><\/td><\/tr><tr><td>Contatto del Responsabile della Protezione dei Dati<\/td><td><a href=\"mailto:dpd@indaloblanc.com\">dpd@indaloblanc.com<\/a><\/td><\/tr><tr><td>Indirizzo Postale<\/td><td>Ctra. Viator km. 1,5 \u2013 04120 La Ca\u00f1ada de San Urbano (Almer\u00eda) <\/td><\/tr><tr><td>Telefono<\/td><td>627448353<\/td><\/tr><tr><td>Indirizzo e-mail<\/td><td><a href=\"mailto:gestiondedatos@indaloblanc.com\">gestiondedatos@indaloblanc.com<\/a><\/td><\/tr><tr><td>Finalit\u00e0 (in base alla situazione applicabile in ciascun caso).<\/td><td>Gestione, studio e risoluzione delle richieste effettuate tramite il sito web; Gestione contabile, fiscale e amministrativa in caso di ordini o acquisti; Gestione dei processi di selezione del personale in caso di remissione del curriculum vitae; Remissione del bollettino o newsletter in caso di richiesta espressa; come anche, se lo autorizza espressamente, invio di materiale pubblicitario di prodotti e servizi dell\u2019impresa. In caso di registrazione, ottenere informazioni e ricevere comunicazioni. In caso di partecipazione, gestione di concorsi e promozioni. Gestione del canale reclami.  <\/td><\/tr><tr><td>Legittimazione<\/td><td>Consenso fornito dall\u2019utente quando spunta la casella nella quale accetta la nostra politica sulla privacy e\/o, in base alla finalit\u00e0 di cui si tratta, il consenso fornito in virt\u00f9 della remissione o invio di richieste o solleciti tramite i moduli del presente sito web, l\u2019invio del suo curriculum vitae, il sollecito all\u2019invio del bollettino o newsletter e\/o l\u2019autorizzazione all\u2019invio di materiale pubblicitario di prodotti e servizi dell\u2019impresa. Rispetto della legge 2\/2023, del 20 febbraio, che disciplina la protezione delle persone che segnalano infrazioni normative e la lotta alla corruzione.<\/td><\/tr><tr><td>Et\u00e0 legale del consenso<\/td><td>L\u2019Utente attesta di avere pi\u00f9 di 14 anni e che, per tanto, possiede la capacit\u00e0 legale necessaria per la prestazione del consenso in quanto al trattamento dei suoi dati di tipo personale e a tutto ci\u00f2, in conformit\u00e0 con quanto stabilito nella presente Politica sulla Privacy.<\/td><\/tr><tr><td>Destinatari<\/td><td>I dati saranno comunicati, se necessario, alle societ\u00e0 del gruppo aziendale dell\u2019Impresa e\/o a terzi per poter realizzare le finalit\u00e0 di cui sopra. I dati forniti non saranno in nessun caso oggetto di cessione a terzi, a eccezione delle entit\u00e0 eventualmente elencate pi\u00f9 avanti, o in occasione del completamento di moduli di ottenimento del consenso. <\/td><\/tr><tr><td>Diritti<\/td><td>Accesso, rettifica, cancellazione, portabilit\u00e0, limitazione, annullamento, ritiro dei dati e\/o qualsiasi altro diritto riconosciuto legalmente. Reclamare all\u2019Agenzia Spagnola per la Protezione dei dati. <\/td><\/tr><tr><td>Informazioni aggiuntive<\/td><td>Pu\u00f2 richiedere informazioni aggiuntive e dettagliate sulla Protezione dei Dati e\/o sull\u2019esercizio dei suoi diritti all\u2019indirizzo <a href=\"mailto:gestiondedatos@indaloblanc.com\">gestiondedatos@indaloblanc.com<\/a> allegando alla richiesta una copia del suo documento d\u2019identit\u00e0 o un documento equivalente.<\/td><\/tr><\/tbody><\/table><\/figure>\n\n\n\n<p>L\u2019impresa conserver\u00e0 i suoi dati di tipo personale per il tempo necessario, in base alle informazioni fornite e alle scadenze di conservazione raccolte nelle normative applicabili.<\/p>\n\n\n\n<p>L\u2019azienda informa inoltre che i dati personali forniti saranno comunicati esclusivamente a:<\/p>\n\n\n\n<p>DESTINATARI: Pyramica Net Services<\/p>\n\n\n\n<p>SCOPO: Manutenzione e hosting web<\/p>\n\n\n\n<p>e per gli scopi eventualmente indicati espressamente in occasione della compilazione dei dati personali da parte dell\u2019utente attraverso moduli web o altro tipo di documento utilizzato per l\u2019acquisizione di dati.<\/p>\n\n\n\n<p>In conformit\u00e0 all\u2019articolo 13 della sezione 2 del Regolamento (UE) 2016\/679 del Parlamento europeo e del Consiglio del 27 aprile 2016 e\/o alla normativa che lo sviluppa e che \u00e8 applicabile in ogni momento in materia di protezione dei dati personali delle persone fisiche, si precisa che il responsabile del trattamento dei dati personali eventualmente forniti tramite il sito web \u00e8 l\u2019azienda, i cui dati, legittimazione e finalit\u00e0 del trattamento, cos\u00ec come i diritti concessi all\u2019utente, sono stati precedentemente esposti. Ai fini di cui sopra, i dati eventualmente forniti dall\u2019utente, saranno incorporati in un archivio di responsabilit\u00e0 della stessa, e che sar\u00e0 trattato in conformit\u00e0 con le disposizioni legali applicabili in ciascun momento, con il fine di gestire e trasmettere ciascuno dei servizi richiesti e\/o concessi espressamente dall\u2019utente in conformit\u00e0 con quanto esposto. <\/p>\n\n\n\n<p>Allo stesso modo, l\u2019utente potr\u00e0 dirigersi in ogni caso all\u2019Agenzia Spagnola per la protezione dei Dati per ottenere informazioni aggiuntive riguardo i citati diritti o presentare un reclamo alla stessa, specialmente se non ha ottenuto soddisfazione nell\u2019esercizio degli stessi.<\/p>\n\n\n\n<p>Allo stesso modo, l\u2019utente potr\u00e0 annullare l\u2019iscrizione a uno qualsiasi dei servizi forniti, facendo clic sulla sezione per annullare l\u2019iscrizione a tutte le e-mail inviate dal fornitore.<\/p>\n\n\n\n<p>Il fornitore ha adottato tutte le misure tecniche e organizzative necessarie per garantire la sicurezza e l\u2019integrit\u00e0 dei dati di tipo personale che tratti, cos\u00ec come anche per evitare la loro perdita, alterazione e\/o accesso da parte di terzi non autorizzati. Tuttavia, l\u2019utente deve tenere presente che la sicurezza dei sistemi non \u00e8 inviolabile e possono verificarsi azioni fraudolente da parte di terzi, anche se l\u2019azienda mette in atto tutti i mezzi a sua disposizione per prevenirle. Pu\u00f2 richiedere ulteriori informazioni sulle nostre misure di sicurezza all\u2019indirizzo email <a href=\"mailto:gestiondedatos@indaloblanc.com\">gestiondedatos@indaloblanc.com<\/a>  <\/p>\n<\/div>\n<\/div>\n","protected":false},"excerpt":{"rendered":"<p>La presente politica sulla privacy si applica al trattamento dei dati personali dei clienti e\/o utenti del sito web www.indaloblanc.com, il cui responsabile del trattamento dei dati \u00e8 INDALOBLANC, S.L., CIF: B-92.170.059, di seguito denominata \u201cl\u2019azienda CONFIDENZIALIT\u00c0 E PROTEZIONE DEI DATI La presente Informativa sulla privacy ha lo scopo di fornire informazioni sui diritti che&hellip;<\/p>\n","protected":false},"author":1,"featured_media":20451,"parent":0,"menu_order":0,"comment_status":"closed","ping_status":"closed","template":"","meta":{"_acf_changed":false,"_joinchat":[],"footnotes":""},"class_list":["post-20863","page","type-page","status-publish","has-post-thumbnail","hentry"],"acf":[],"_links":{"self":[{"href":"https:\/\/www.indaloblanc.com\/it\/wp-json\/wp\/v2\/pages\/20863","targetHints":{"allow":["GET"]}}],"collection":[{"href":"https:\/\/www.indaloblanc.com\/it\/wp-json\/wp\/v2\/pages"}],"about":[{"href":"https:\/\/www.indaloblanc.com\/it\/wp-json\/wp\/v2\/types\/page"}],"author":[{"embeddable":true,"href":"https:\/\/www.indaloblanc.com\/it\/wp-json\/wp\/v2\/users\/1"}],"replies":[{"embeddable":true,"href":"https:\/\/www.indaloblanc.com\/it\/wp-json\/wp\/v2\/comments?post=20863"}],"version-history":[{"count":1,"href":"https:\/\/www.indaloblanc.com\/it\/wp-json\/wp\/v2\/pages\/20863\/revisions"}],"predecessor-version":[{"id":20864,"href":"https:\/\/www.indaloblanc.com\/it\/wp-json\/wp\/v2\/pages\/20863\/revisions\/20864"}],"wp:featuredmedia":[{"embeddable":true,"href":"https:\/\/www.indaloblanc.com\/it\/wp-json\/wp\/v2\/media\/20451"}],"wp:attachment":[{"href":"https:\/\/www.indaloblanc.com\/it\/wp-json\/wp\/v2\/media?parent=20863"}],"curies":[{"name":"wp","href":"https:\/\/api.w.org\/{rel}","templated":true}]}}