{"id":20879,"date":"2024-11-18T16:16:50","date_gmt":"2024-11-18T15:16:50","guid":{"rendered":"https:\/\/www.indaloblanc.com\/codice-etico\/"},"modified":"2025-02-06T09:01:29","modified_gmt":"2025-02-06T08:01:29","slug":"codice-etico","status":"publish","type":"page","link":"https:\/\/www.indaloblanc.com\/it\/codice-etico\/","title":{"rendered":"Codice Etico"},"content":{"rendered":"\n<div class=\"wp-block-columns is-layout-flex wp-container-core-columns-is-layout-9d6595d7 wp-block-columns-is-layout-flex\">\n<div class=\"wp-block-column is-layout-flow wp-block-column-is-layout-flow\" style=\"flex-basis:100%\">\n<p>Il <strong>Codice Etico di INDALOBLANC S.L.<\/strong>, approvato dall&#8217;organo di amministrazione della Societ\u00e0 nel dicembre 2019, riflette i suoi valori di riferimento e contiene i principi generali che devono guidare l&#8217;operato di tutti i professionisti che ne fanno parte.<\/p>\n\n\n\n<p>Di conseguenza, il <strong>Codice Etico di INDALOBLANC S.L.<\/strong> rappresenta un elemento chiave per l&#8217;integrit\u00e0 della nostra azienda e riflette chi siamo e come operiamo come societ\u00e0, sia a livello interno, per quanto riguarda la Societ\u00e0, tutti i suoi dipendenti, dirigenti e l&#8217;organo di amministrazione, sia a livello esterno, nel mercato e nei confronti dei concorrenti. Tutti i professionisti della Societ\u00e0, indipendentemente dal loro ruolo nell&#8217;organizzazione, devono conoscere la missione e i valori contenuti nel Codice Etico, farli propri e utilizzarli come linee guida e riferimento per la loro condotta quotidiana. <\/p>\n\n\n\n<p>Il documento viene periodicamente revisionato per incorporare le modifiche necessarie a rispondere ai nuovi requisiti interni ed esterni e garantire un miglioramento continuo.<br\/><\/p>\n\n\n\n<p>L&#8217;organo di amministrazione della Societ\u00e0 ha inoltre approvato una serie di politiche e protocolli con l&#8217;obiettivo di promuovere l\u2019operato dell\u2019organizzazione in conformit\u00e0 ai principi etici e alla normativa vigente in ciascuna delle aree di rischio identificate, attraverso una serie di procedure e azioni volte a prevenire, rilevare e reagire a comportamenti irregolari, frodi o atti contrari al Codice Etico della Societ\u00e0 o alla normativa in vigore. L\u2019insieme di tali politiche e protocolli d\u2019azione, unitamente al Codice Etico, rappresenta l\u2019impegno concreto dell\u2019organizzazione nei confronti dei suoi professionisti, clienti, fornitori, concorrenti e altri stakeholder con cui interagisce, nel condurre tutte le proprie attivit\u00e0 nel rispetto della normativa vigente e secondo i pi\u00f9 alti standard e valori etici.<br\/> <\/p>\n\n\n\n<p>Inoltre, la Societ\u00e0 ha istituito un canale di comunicazione e segnalazione, tramite l&#8217;indirizzo e-mail <a href=\"mailto:canaldedenuncias@indaloblanc.com\">canaldedenuncias@indaloblanc.com<\/a>, a disposizione dei dipendenti e di altri soggetti interessati, al fine di garantire il rispetto degli obiettivi stabiliti nel Codice Etico e nell&#8217;insieme delle politiche e dei processi interni approvati all&#8217;interno della stessa.<\/p>\n\n\n\n<p>\u00c8 altres\u00ec disponibile un canale sicuro e anonimo per permettere ai dipendenti e ad altri stakeholder di segnalare eventuali comportamenti, azioni, omissioni o fatti che possano costituire un\u2019infrazione penale o amministrativa, una violazione del Codice Etico della Societ\u00e0 o delle norme interne dell&#8217;azienda stabilite nelle sue politiche e nei suoi protocolli specifici. Ci\u00f2 include violazioni commesse nello svolgimento delle funzioni professionali dell&#8217;autore dell\u2019infrazione, che abbiano un impatto sul rapporto contrattuale con clienti o fornitori o sugli interessi e l&#8217;immagine della Societ\u00e0 nei confronti di terzi.<br\/><\/p>\n\n\n<div class=\"wp-block-boton-pyramica\" style=\"\">\n  <div class=\"m-8 text-center\">\n    <a type=\"button\" href=\"https:\/\/canaldenuncias.indaloblanc.com\" style=\"color: #ffffff !important; background-color: #293978;\"\n      class=\"no-underline focus:outline-none rounded-lg text-lg font-semibold px-5 py-3 me-2 mb-2\">\n            Invio di una segnalazione anonima&lt;br&gt;\n        <\/a>\n  <\/div>\n  \n<\/div>\n\n\n<p>A tal fine, si informa che i PRINCIPI che regolano il funzionamento del canale di segnalazione sono i seguenti:<br\/><\/p>\n\n\n\n<ul class=\"wp-block-list\">\n<li>i. Possono essere segnalanti e segnalati i dipendenti, azionisti, soci e membri dell&#8217;organo di amministrazione dell&#8217;ente.<\/li>\n\n\n\n<li>ii. \u00c8 possibile effettuare una segnalazione tramite il canale interno e, inoltre, rivolgersi all&#8217;autorit\u00e0 competente attraverso i canali esterni esistenti. <\/li>\n\n\n\n<li>iii. Le comunicazioni devono rispettare i principi di veridicit\u00e0 e proporzionalit\u00e0 e non possono essere utilizzate per scopi diversi dal rispetto della legalit\u00e0 o delle politiche e dei protocolli interni adottati dalla Societ\u00e0. <\/li>\n\n\n\n<li>iv. Il segnalante ha la possibilit\u00e0 di effettuare la segnalazione in forma anonima. <\/li>\n\n\n\n<li>v. L&#8217;identit\u00e0 del segnalante e del segnalato, nonch\u00e9 le informazioni e i dati relativi alla segnalazione, saranno trattati come riservati. <\/li>\n\n\n\n<li>vi. L\u2019identit\u00e0 del segnalante e del segnalato pu\u00f2 essere comunicata alle autorit\u00e0 amministrative o giudiziarie se richiesto nell&#8217;ambito di un procedimento derivante dalla segnalazione, nonch\u00e9 alle persone coinvolte in eventuali indagini successive o procedimenti giudiziari avviati a seguito dell\u2019indagine. Il trasferimento dei dati avverr\u00e0 nel rispetto della normativa vigente sulla protezione dei dati personali.  <\/li>\n\n\n\n<li>vii. Il Comitato per la Conformit\u00e0, e in particolare il Responsabile del canale, sar\u00e0 incaricato di gestire le segnalazioni ricevute e di avviare le relative indagini. <\/li>\n\n\n\n<li>viii. \u00c8 possibile segnalare comportamenti, azioni, omissioni o fatti che costituiscano un&#8217;eventuale infrazione penale o amministrativa o una violazione del Codice Etico della Societ\u00e0 o delle norme interne stabilite nelle politiche aziendali e nei protocolli specifici, commessi nello svolgimento delle funzioni professionali dell\u2019autore dell\u2019infrazione o aventi un impatto sul rapporto contrattuale con clienti o fornitori, nonch\u00e9 sugli interessi e l&#8217;immagine della Societ\u00e0 nei confronti di terzi. <\/li>\n\n\n\n<li>ix. L&#8217;invio dell&#8217;avviso di ricezione della segnalazione al segnalante avverr\u00e0 entro sette (7) giorni dalla ricezione della stessa, salvo nei casi in cui ci\u00f2 possa compromettere la riservatezza della comunicazione. <\/li>\n\n\n\n<li>x. Il segnalante ricever\u00e0 una comunicazione motivata via e-mail sull\u2019accoglimento o meno della segnalazione, sulla base degli elementi di fatto forniti, entro un massimo di dieci (10) giorni dalla ricezione della stessa. <\/li>\n\n\n\n<li>xi. Il termine massimo per rispondere alle segnalazioni \u00e8 di tre (3) mesi dalla ricezione della comunicazione, prorogabile di ulteriori tre (3) mesi in caso di particolare complessit\u00e0 del caso. <\/li>\n\n\n\n<li>xii. Pu\u00f2 essere richiesto al segnalante di fornire informazioni e\/o documentazione necessaria a dimostrare l\u2019esistenza della condotta irregolare segnalata. <\/li>\n\n\n\n<li>xiii. Il segnalato sar\u00e0 informato dei fatti contestati e dei diritti di cui gode, con la possibilit\u00e0 di essere ascoltato in qualsiasi momento. <\/li>\n\n\n\n<li>xiv. Qualora vi sia un conflitto di interessi, la persona interessata non potr\u00e0 partecipare alla gestione del procedimento. <\/li>\n\n\n\n<li>xv. Il trattamento dei dati sar\u00e0 effettuato in conformit\u00e0 al Regolamento (UE) 2016\/679 del Parlamento Europeo e del Consiglio del 27 aprile 2016 e alla Legge Organica 3\/2018 del 5 dicembre sulla protezione dei dati personali e la garanzia dei diritti digitali, con accesso limitato al Comitato per la Conformit\u00e0, al Responsabile del canale, al Dipartimento delle Risorse Umane (nel caso in cui si rendano necessarie misure disciplinari), al Dipartimento Legale (nel caso in cui si rendano necessarie misure legali), ai responsabili del trattamento eventualmente designati e al Delegato per la Protezione dei Dati. <\/li>\n\n\n\n<li>xvi. Se i fatti segnalati costituiscono un reato, verranno immediatamente comunicati alla Procura della Repubblica.<br\/> <\/li>\n<\/ul>\n\n\n\n<p>Si informa inoltre che, indipendentemente da quanto sopra, \u00e8 sempre possibile segnalare azioni od omissioni che possano costituire un&#8217;infrazione penale o amministrativa grave o molto grave, nonch\u00e9 violazioni del diritto dell&#8217;Unione Europea (se rientrano nell\u2019ambito di applicazione degli atti dell&#8217;UE elencati nell\u2019allegato della Direttiva (UE) 2019\/1937 del Parlamento Europeo e del Consiglio del 23 ottobre 2019), che riguardino gli interessi finanziari dell&#8217;UE o abbiano un impatto sul mercato interno, all&#8217;Autorit\u00e0 Indipendente per la Protezione degli Informatori (A.A.I.), alle autorit\u00e0 regionali competenti o, se del caso, alle istituzioni e agli organi dell&#8217;Unione Europea attraverso i loro canali specifici.<\/p>\n\n\n<div class=\"wp-block-boton-pyramica\" style=\"\">\n  <div class=\"m-8 text-center\">\n    <a type=\"button\" href=\"https:\/\/www.indaloblanc.com\/wp-content\/uploads\/2024\/11\/Codigo-Etico-Indaloblanc.pdf\" style=\"color: #ffffff !important; background-color: #293978;\"\n      class=\"no-underline focus:outline-none rounded-lg text-lg font-semibold px-5 py-3 me-2 mb-2\">\n            Scarica il codice etico PDF\n        <\/a>\n  <\/div>\n  \n<\/div><\/div>\n<\/div>\n","protected":false},"excerpt":{"rendered":"<p>Il Codice Etico di INDALOBLANC S.L., approvato dall&#8217;organo di amministrazione della Societ\u00e0 nel dicembre 2019, riflette i suoi valori di riferimento e contiene i principi generali che devono guidare l&#8217;operato di tutti i professionisti che ne fanno parte. Di conseguenza, il Codice Etico di INDALOBLANC S.L. rappresenta un elemento chiave per l&#8217;integrit\u00e0 della nostra azienda&hellip;<\/p>\n","protected":false},"author":1,"featured_media":20407,"parent":0,"menu_order":0,"comment_status":"closed","ping_status":"closed","template":"","meta":{"_acf_changed":false,"_joinchat":[],"footnotes":""},"class_list":["post-20879","page","type-page","status-publish","has-post-thumbnail","hentry"],"acf":[],"_links":{"self":[{"href":"https:\/\/www.indaloblanc.com\/it\/wp-json\/wp\/v2\/pages\/20879","targetHints":{"allow":["GET"]}}],"collection":[{"href":"https:\/\/www.indaloblanc.com\/it\/wp-json\/wp\/v2\/pages"}],"about":[{"href":"https:\/\/www.indaloblanc.com\/it\/wp-json\/wp\/v2\/types\/page"}],"author":[{"embeddable":true,"href":"https:\/\/www.indaloblanc.com\/it\/wp-json\/wp\/v2\/users\/1"}],"replies":[{"embeddable":true,"href":"https:\/\/www.indaloblanc.com\/it\/wp-json\/wp\/v2\/comments?post=20879"}],"version-history":[{"count":1,"href":"https:\/\/www.indaloblanc.com\/it\/wp-json\/wp\/v2\/pages\/20879\/revisions"}],"predecessor-version":[{"id":20880,"href":"https:\/\/www.indaloblanc.com\/it\/wp-json\/wp\/v2\/pages\/20879\/revisions\/20880"}],"wp:featuredmedia":[{"embeddable":true,"href":"https:\/\/www.indaloblanc.com\/it\/wp-json\/wp\/v2\/media\/20407"}],"wp:attachment":[{"href":"https:\/\/www.indaloblanc.com\/it\/wp-json\/wp\/v2\/media?parent=20879"}],"curies":[{"name":"wp","href":"https:\/\/api.w.org\/{rel}","templated":true}]}}