{"id":21634,"date":"2025-03-03T11:55:59","date_gmt":"2025-03-03T10:55:59","guid":{"rendered":"https:\/\/www.indaloblanc.com\/por-que-es-importante\/"},"modified":"2025-03-06T11:33:03","modified_gmt":"2025-03-06T10:33:03","slug":"perche-e-importante","status":"publish","type":"page","link":"https:\/\/www.indaloblanc.com\/it\/perche-e-importante\/","title":{"rendered":"Perch\u00e9 \u00e8 importante?"},"content":{"rendered":"\n<div class=\"wp-block-columns are-vertically-aligned-center is-layout-flex wp-container-core-columns-is-layout-62db62f3 wp-block-columns-is-layout-flex\" style=\"padding-top:0;padding-bottom:0\">\n<div class=\"wp-block-column is-layout-flow wp-block-column-is-layout-flow\"><\/div>\n\n\n\n<div class=\"wp-block-column is-layout-flow wp-block-column-is-layout-flow\"><\/div>\n<\/div>\n\n\n\n<div style=\"height:100px\" aria-hidden=\"true\" class=\"wp-block-spacer\"><\/div>\n\n\n\n<div class=\"wp-block-columns is-layout-flex wp-container-core-columns-is-layout-52c2aa69 wp-block-columns-is-layout-flex\" style=\"padding-top:var(--wp--preset--spacing--30);padding-right:var(--wp--preset--spacing--80);padding-bottom:var(--wp--preset--spacing--30);padding-left:var(--wp--preset--spacing--80)\">\n<div class=\"wp-block-column is-vertically-aligned-center is-layout-flow wp-block-column-is-layout-flow\">\n<figure class=\"wp-block-image alignright size-full\"><img loading=\"lazy\" decoding=\"async\" width=\"850\" height=\"1133\" src=\"https:\/\/www.indaloblanc.com\/wp-content\/uploads\/2025\/03\/20180425_095419-1.jpg\" alt=\"\" class=\"wp-image-21548\" srcset=\"https:\/\/www.indaloblanc.com\/wp-content\/uploads\/2025\/03\/20180425_095419-1.jpg 850w, https:\/\/www.indaloblanc.com\/wp-content\/uploads\/2025\/03\/20180425_095419-1-225x300.jpg 225w, https:\/\/www.indaloblanc.com\/wp-content\/uploads\/2025\/03\/20180425_095419-1-768x1024.jpg 768w\" sizes=\"auto, (max-width: 850px) 100vw, 850px\" \/><\/figure>\n<\/div>\n\n\n\n<div class=\"wp-block-column is-vertically-aligned-center is-layout-flow wp-block-column-is-layout-flow\" style=\"padding-top:var(--wp--preset--spacing--60);padding-right:var(--wp--preset--spacing--80);padding-bottom:var(--wp--preset--spacing--60);padding-left:var(--wp--preset--spacing--80)\">\n<p><\/p>\n\n\n\n<p><br>Durante la maggior parte del ciclo produttivo nelle <strong>serre della zona del Mediterraneo<\/strong>, possono essere raggiunte temperature massime diurne molto elevate, con <strong>temperature interne alle serre che possono arrivare a livelli incompatibili con il corretto sviluppo delle colture<\/strong>.<\/p>\n\n\n\n<p><\/p>\n\n\n\n<p>L&#8217;eccesso di radiazione solare e di temperatura pu\u00f2 provocare stress idrico, che influisce sulla crescita della pianta riducendo l&#8217;altezza, il fusto, le radici, l&#8217;area fogliare, il peso specifico delle foglie e la biomassa della pianta, poich\u00e9 questi fattori influenzano il processo di fotosintesi.<\/p>\n\n\n\n<p><\/p>\n\n\n\n<p>Per risolvere questi problemi, \u00e8 necessario ricorrere ad alcune <strong>tecniche di climatizzazione<\/strong> per ridurre gli effetti. Una delle tecniche pi\u00f9 utilizzate \u00e8 il <strong>bianco sulle coperture delle serre<\/strong>, che riflette la luce e riduce cos\u00ec il calore all&#8217;interno della serra.<\/p>\n\n\n\n<p><\/p>\n\n\n\n<p><strong>L&#8217;ombreggiatura<\/strong> delle serre \u00e8 una pratica essenziale per controllare la temperatura e la radiazione che raggiungono le nostre colture, evitando i danni potenziali che questi fattori possono causare. \u00c8 importante prestare attenzione sia alle dosi che alle date di bianco, poich\u00e9 un&#8217;eccessiva luce pu\u00f2 provocare una saturazione luminosa per la coltura, mentre la sua mancanza pu\u00f2 provocare l&#8217;allungamento delle piante o addirittura l&#8217;aborto di alcuni fiori.<br><br><br><br><\/p>\n<\/div>\n<\/div>\n\n\n\n<div style=\"height:100px\" aria-hidden=\"true\" class=\"wp-block-spacer\"><\/div>\n","protected":false},"excerpt":{"rendered":"<p>Durante la maggior parte del ciclo produttivo nelle serre della zona del Mediterraneo, possono essere raggiunte temperature massime diurne molto elevate, con temperature interne alle serre che possono arrivare a livelli incompatibili con il corretto sviluppo delle colture. L&#8217;eccesso di radiazione solare e di temperatura pu\u00f2 provocare stress idrico, che influisce sulla crescita della pianta&hellip;<\/p>\n","protected":false},"author":1,"featured_media":20726,"parent":0,"menu_order":0,"comment_status":"closed","ping_status":"closed","template":"","meta":{"_acf_changed":false,"_joinchat":[],"footnotes":""},"class_list":["post-21634","page","type-page","status-publish","has-post-thumbnail","hentry"],"acf":[],"_links":{"self":[{"href":"https:\/\/www.indaloblanc.com\/it\/wp-json\/wp\/v2\/pages\/21634","targetHints":{"allow":["GET"]}}],"collection":[{"href":"https:\/\/www.indaloblanc.com\/it\/wp-json\/wp\/v2\/pages"}],"about":[{"href":"https:\/\/www.indaloblanc.com\/it\/wp-json\/wp\/v2\/types\/page"}],"author":[{"embeddable":true,"href":"https:\/\/www.indaloblanc.com\/it\/wp-json\/wp\/v2\/users\/1"}],"replies":[{"embeddable":true,"href":"https:\/\/www.indaloblanc.com\/it\/wp-json\/wp\/v2\/comments?post=21634"}],"version-history":[{"count":2,"href":"https:\/\/www.indaloblanc.com\/it\/wp-json\/wp\/v2\/pages\/21634\/revisions"}],"predecessor-version":[{"id":21646,"href":"https:\/\/www.indaloblanc.com\/it\/wp-json\/wp\/v2\/pages\/21634\/revisions\/21646"}],"wp:featuredmedia":[{"embeddable":true,"href":"https:\/\/www.indaloblanc.com\/it\/wp-json\/wp\/v2\/media\/20726"}],"wp:attachment":[{"href":"https:\/\/www.indaloblanc.com\/it\/wp-json\/wp\/v2\/media?parent=21634"}],"curies":[{"name":"wp","href":"https:\/\/api.w.org\/{rel}","templated":true}]}}