{"id":20830,"date":"2024-11-14T17:48:59","date_gmt":"2024-11-14T16:48:59","guid":{"rendered":"https:\/\/www.indaloblanc.com\/contacto\/"},"modified":"2025-04-02T15:11:49","modified_gmt":"2025-04-02T13:11:49","slug":"contacto","status":"publish","type":"page","link":"https:\/\/www.indaloblanc.com\/pt-pt\/contacto\/","title":{"rendered":"Contacto"},"content":{"rendered":"\n<div class=\"wp-block-columns is-layout-flex wp-container-core-columns-is-layout-f5db9012 wp-block-columns-is-layout-flex\" style=\"padding-top:var(--wp--preset--spacing--50);padding-right:0;padding-bottom:var(--wp--preset--spacing--50);padding-left:0\">\n<div class=\"wp-block-column is-layout-flow wp-block-column-is-layout-flow\" style=\"flex-basis:100%\">\n<iframe loading=\"lazy\" src=\"https:\/\/www.google.com\/maps\/embed?pb=!1m18!1m12!1m3!1d3192.523517790531!2d-2.42002806962228!3d36.85388602141892!2m3!1f0!2f0!3f0!3m2!1i1024!2i768!4f13.1!3m3!1m2!1s0xd7a9ec798dc3483%3A0xc42070b6cb2d1817!2sIndaloblanc!5e0!3m2!1ses!2ses!4v1531909587406\" width=\"100%\" height=\"450\" frameborder=\"0\" style=\"border:0\" allowfullscreen=\"\"><\/iframe>\n<\/div>\n<\/div>\n\n<div class=\"wp-block-columns is-layout-flex wp-container-core-columns-is-layout-9d6595d7 wp-block-columns-is-layout-flex\">\n<div class=\"wp-block-column is-layout-flow wp-block-column-is-layout-flow\">\n<div class=\"wpcf7 no-js\" id=\"wpcf7-f21755-o1\" lang=\"pt-PT\" dir=\"ltr\" data-wpcf7-id=\"21755\">\n<div class=\"screen-reader-response\"><p role=\"status\" aria-live=\"polite\" aria-atomic=\"true\"><\/p> <ul><\/ul><\/div>\n<form action=\"\/pt-pt\/wp-json\/wp\/v2\/pages\/20830#wpcf7-f21755-o1\" method=\"post\" class=\"wpcf7-form init\" aria-label=\"Formul\u00e1rio de contacto\" novalidate=\"novalidate\" data-status=\"init\">\n<fieldset class=\"hidden-fields-container\"><input type=\"hidden\" name=\"_wpcf7\" value=\"21755\" \/><input type=\"hidden\" name=\"_wpcf7_version\" value=\"6.1.5\" \/><input type=\"hidden\" name=\"_wpcf7_locale\" value=\"pt_PT\" \/><input type=\"hidden\" name=\"_wpcf7_unit_tag\" value=\"wpcf7-f21755-o1\" \/><input type=\"hidden\" name=\"_wpcf7_container_post\" value=\"0\" \/><input type=\"hidden\" name=\"_wpcf7_posted_data_hash\" value=\"\" \/>\n<\/fieldset>\n<p><label> O seu nome (obrigat\u00f3rio)<br \/>\n<span class=\"wpcf7-form-control-wrap\" data-name=\"your-name\"><input size=\"40\" maxlength=\"400\" class=\"wpcf7-form-control wpcf7-text wpcf7-validates-as-required\" aria-required=\"true\" aria-invalid=\"false\" value=\"\" type=\"text\" name=\"your-name\" \/><\/span> <\/label>\n<\/p>\n<p><label> O seu e-mail (obrigat\u00f3rio)<br \/>\n<span class=\"wpcf7-form-control-wrap\" data-name=\"your-email\"><input size=\"40\" maxlength=\"400\" class=\"wpcf7-form-control wpcf7-email wpcf7-validates-as-required wpcf7-text wpcf7-validates-as-email\" aria-required=\"true\" aria-invalid=\"false\" value=\"\" type=\"email\" name=\"your-email\" \/><\/span> <\/label>\n<\/p>\n<p><label> O seu telefone<br \/>\n<span class=\"wpcf7-form-control-wrap\" data-name=\"tu-telefono\"><input size=\"40\" maxlength=\"400\" class=\"wpcf7-form-control wpcf7-tel wpcf7-text wpcf7-validates-as-tel\" aria-invalid=\"false\" value=\"\" type=\"tel\" name=\"tu-telefono\" \/><\/span><\/label>\n<\/p>\n<p><label> Assunto (obrigat\u00f3rio)<br \/>\n<span class=\"wpcf7-form-control-wrap\" data-name=\"your-subject\"><input size=\"40\" maxlength=\"400\" class=\"wpcf7-form-control wpcf7-text wpcf7-validates-as-required\" aria-required=\"true\" aria-invalid=\"false\" value=\"\" type=\"text\" name=\"your-subject\" \/><\/span> <\/label>\n<\/p>\n<p><label> A sua mensagem (obrigat\u00f3rio)<br \/>\n<span class=\"wpcf7-form-control-wrap\" data-name=\"your-message\"><textarea cols=\"40\" rows=\"10\" maxlength=\"2000\" class=\"wpcf7-form-control wpcf7-textarea wpcf7-validates-as-required\" aria-required=\"true\" aria-invalid=\"false\" name=\"your-message\"><\/textarea><\/span> <\/label>\n<\/p>\n<p><label>Informamos que o respons\u00e1vel pelo tratamento destes dados \u00e9 a Indaloblanc, S.L. e a finalidade desta \u00e9 a gest\u00e3o, estudo e resolu\u00e7\u00e3o das consultas efetuadas e, se consentir expressamente assinalando a caixa para o efeito, enviar comunica\u00e7\u00f5es comerciais sobre os nossos produtos e servi\u00e7os, considerando-nos leg\u00edtimos para este tratamento atrav\u00e9s do consentimento que nos est\u00e1 a conceder neste ato. Nenhum dado ser\u00e1 transferido para terceiros, a menos que seja legalmente exigido. Certifica que tem mais de 14 anos de idade e que, portanto, possui a capacidade jur\u00eddica necess\u00e1ria para prestar esse consentimento e tudo isso, de acordo com o disposto na Pol\u00edtica de Privacidade. Poder\u00e1 aceder, retificar e eliminar os dados, bem como outros direitos, conforme explicado na informa\u00e7\u00e3o adicional. Poder\u00e1 consultar informa\u00e7\u00e3o adicional e detalhada sobre Prote\u00e7\u00e3o de Dados clicando aqui <a href=\"https:\/\/www.indaloblanc.com\/politica-de-privacidad\/\" target=\"_blank\">+ info. <\/a><\/label>\n<\/p>\n<p><label><br \/>\n<span class=\"wpcf7-form-control-wrap\" data-name=\"accepta-legal\"><span class=\"wpcf7-form-control wpcf7-acceptance\"><span class=\"wpcf7-list-item\"><label><input type=\"checkbox\" name=\"accepta-legal\" value=\"1\" aria-invalid=\"false\" \/><span class=\"wpcf7-list-item-label\">Aceito a <a href=\"https:\/\/www.indaloblanc.com\/pt-pt\/politica-de-privacidade\/\" target=\"_blank\">Pol\u00edtica de Privacidade<\/a> (obrigat\u00f3rio)<\/span><\/label><\/span><\/span><\/span><\/label><br \/>\n<label><br \/>\n<span class=\"wpcf7-form-control-wrap\" data-name=\"accepta-comercial\"><span class=\"wpcf7-form-control wpcf7-acceptance optional\"><span class=\"wpcf7-list-item\"><label><input type=\"checkbox\" name=\"accepta-comercial\" value=\"1\" aria-invalid=\"false\" \/><span class=\"wpcf7-list-item-label\">Aceito <a href=\"https:\/\/www.indaloblanc.com\/pt-pt\/aviso-legal\/\" target=\"_blank\">o envio de informa\u00e7\u00f5es e comunica\u00e7\u00f5es comerciais<\/a><\/span><\/label><\/span><\/span><\/span><\/label>\n<\/p>\n<p>Introduza o c\u00f3digo: <input type=\"hidden\" name=\"_wpcf7_captcha_challenge_captcha-118\" value=\"3202025870\" \/><img loading=\"lazy\" decoding=\"async\" class=\"wpcf7-form-control wpcf7-captchac wpcf7-captcha-captcha-118\" width=\"84\" height=\"28\" alt=\"captcha\" src=\"https:\/\/www.indaloblanc.com\/wp-content\/uploads\/wpcf7_captcha\/3202025870.png\" \/><br \/>\n<span class=\"wpcf7-form-control-wrap\" data-name=\"captcha-118\"><input size=\"4\" maxlength=\"4\" class=\"wpcf7-form-control wpcf7-captchar\" autocomplete=\"off\" aria-invalid=\"false\" value=\"\" type=\"text\" name=\"captcha-118\" \/><\/span>\n<\/p>\n<p><input class=\"wpcf7-form-control wpcf7-submit has-spinner\" type=\"submit\" value=\"Enviar\" \/>\n<\/p><div class=\"wpcf7-response-output\" aria-hidden=\"true\"><\/div>\n<\/form>\n<\/div>\n\n<\/div>\n\n\n\n<div class=\"wp-block-column is-layout-flow wp-block-column-is-layout-flow\">\n<h3 class=\"wp-block-heading\">DADOS DE CONTATO<\/h3>\n\n\n\n<p>Ctra. Viator km. 1,5 \u2013 04120 LA CA\u00d1ADA (ALMERIA) <\/p>\n\n\n\n<p><a href=\"tel:+34%20950%20293%20147\"><strong>+34 950 293 147<\/strong><\/a> &#8211; <a href=\"tel:+34%20617%20462%20734\"><strong>+34 617 462 734<\/strong><\/a><\/p>\n\n\n\n<p><a href=\"mailto:indaloblanc@indaloblanc.com\">indaloblanc@indaloblanc.com<\/a><\/p>\n<\/div>\n<\/div>\n","protected":false},"excerpt":{"rendered":"<p>DADOS DE CONTATO Ctra. Viator km. 1,5 \u2013 04120 LA CA\u00d1ADA (ALMERIA) +34 950 293 147 &#8211; +34 617 462 734 indaloblanc@indaloblanc.com<\/p>\n","protected":false},"author":1,"featured_media":20432,"parent":0,"menu_order":0,"comment_status":"closed","ping_status":"closed","template":"","meta":{"_acf_changed":false,"_joinchat":[],"footnotes":""},"class_list":["post-20830","page","type-page","status-publish","has-post-thumbnail","hentry"],"acf":[],"_links":{"self":[{"href":"https:\/\/www.indaloblanc.com\/pt-pt\/wp-json\/wp\/v2\/pages\/20830","targetHints":{"allow":["GET"]}}],"collection":[{"href":"https:\/\/www.indaloblanc.com\/pt-pt\/wp-json\/wp\/v2\/pages"}],"about":[{"href":"https:\/\/www.indaloblanc.com\/pt-pt\/wp-json\/wp\/v2\/types\/page"}],"author":[{"embeddable":true,"href":"https:\/\/www.indaloblanc.com\/pt-pt\/wp-json\/wp\/v2\/users\/1"}],"replies":[{"embeddable":true,"href":"https:\/\/www.indaloblanc.com\/pt-pt\/wp-json\/wp\/v2\/comments?post=20830"}],"version-history":[{"count":2,"href":"https:\/\/www.indaloblanc.com\/pt-pt\/wp-json\/wp\/v2\/pages\/20830\/revisions"}],"predecessor-version":[{"id":21729,"href":"https:\/\/www.indaloblanc.com\/pt-pt\/wp-json\/wp\/v2\/pages\/20830\/revisions\/21729"}],"wp:featuredmedia":[{"embeddable":true,"href":"https:\/\/www.indaloblanc.com\/pt-pt\/wp-json\/wp\/v2\/media\/20432"}],"wp:attachment":[{"href":"https:\/\/www.indaloblanc.com\/pt-pt\/wp-json\/wp\/v2\/media?parent=20830"}],"curies":[{"name":"wp","href":"https:\/\/api.w.org\/{rel}","templated":true}]}}