{"id":20838,"date":"2024-11-14T17:36:45","date_gmt":"2024-11-14T16:36:45","guid":{"rendered":"https:\/\/www.indaloblanc.com\/indaloblanc\/"},"modified":"2025-04-21T09:52:08","modified_gmt":"2025-04-21T07:52:08","slug":"indaloblanc","status":"publish","type":"page","link":"https:\/\/www.indaloblanc.com\/pt-pt\/indaloblanc\/","title":{"rendered":"Indaloblanc"},"content":{"rendered":"\n<div class=\"wp-block-columns are-vertically-aligned-center is-layout-flex wp-container-core-columns-is-layout-62db62f3 wp-block-columns-is-layout-flex\" style=\"padding-top:0;padding-bottom:0\">\n<div class=\"wp-block-column is-vertically-aligned-center is-layout-flow wp-block-column-is-layout-flow\" style=\"padding-top:var(--wp--preset--spacing--70);padding-bottom:var(--wp--preset--spacing--70);flex-basis:100%\">\n<h2 class=\"wp-block-heading has-text-align-center\">POR QUE ESCOLHER INDALOBLANC?<\/h2>\n<\/div>\n<\/div>\n\n\n\n<div class=\"wp-block-columns is-layout-flex wp-container-core-columns-is-layout-52c2aa69 wp-block-columns-is-layout-flex\" style=\"padding-top:var(--wp--preset--spacing--30);padding-right:var(--wp--preset--spacing--80);padding-bottom:var(--wp--preset--spacing--30);padding-left:var(--wp--preset--spacing--80)\">\n<div class=\"wp-block-column is-vertically-aligned-center is-layout-flow wp-block-column-is-layout-flow\">\n<figure class=\"wp-block-image size-full\"><img loading=\"lazy\" decoding=\"async\" width=\"810\" height=\"1080\" src=\"https:\/\/www.indaloblanc.com\/wp-content\/uploads\/2024\/11\/version-ingles.00_00_53_05.Imagen-fija006-2-edited.jpg\" alt=\"\" class=\"wp-image-20404\" srcset=\"https:\/\/www.indaloblanc.com\/wp-content\/uploads\/2024\/11\/version-ingles.00_00_53_05.Imagen-fija006-2-edited.jpg 810w, https:\/\/www.indaloblanc.com\/wp-content\/uploads\/2024\/11\/version-ingles.00_00_53_05.Imagen-fija006-2-edited-225x300.jpg 225w, https:\/\/www.indaloblanc.com\/wp-content\/uploads\/2024\/11\/version-ingles.00_00_53_05.Imagen-fija006-2-edited-768x1024.jpg 768w\" sizes=\"auto, (max-width: 810px) 100vw, 810px\" \/><\/figure>\n<\/div>\n\n\n\n<div class=\"wp-block-column is-vertically-aligned-center is-layout-flow wp-block-column-is-layout-flow\" style=\"padding-top:var(--wp--preset--spacing--60);padding-right:var(--wp--preset--spacing--80);padding-bottom:var(--wp--preset--spacing--60);padding-left:var(--wp--preset--spacing--80)\">\n<p><strong>INDALOBLANC<strong><sup>\u00ae<\/sup><\/strong> S.L. <\/strong>\u00e9 uma empresa dedicada e especializada no desenvolvimento e na produ\u00e7\u00e3o de <strong>produtos de branqueamento de alta resist\u00eancia aos agentes meteorol\u00f3gicos em estufas<\/strong>, oferecendo uma solu\u00e7\u00e3o completa para a agricultura intensiva sob pl\u00e1stico.<\/p>\n\n\n\n<p><strong>INDALOBLANC<strong><sup>\u00ae<\/sup><\/strong> S.L<\/strong>. enfrenta o desafio e assume o compromisso de oferecer ao mercado nacional e internacional uma gama de produtos agr\u00edcolas<strong> eficazes, sustent\u00e1veis e ambientalmente respons\u00e1veis<\/strong>.<\/p>\n\n\n\n<p>Os nossos mais de <strong>20 anos de experi\u00eancia<\/strong> no setor agr\u00edcola nos consolidam como uma refer\u00eancia no mercado de produtos de branqueamento, oferecendo uma gama de produtos de qualidade excecional e reconhecida. Isso \u00e9 fruto de um intenso trabalho de pesquisa e de um estudo minucioso dos seus componentes e propriedades nas nossas instala\u00e7\u00f5es na prov\u00edncia de Almer\u00eda (Espanha), uma das regi\u00f5es com a maior concentra\u00e7\u00e3o de estufas do mundo. Este ambiente nos proporciona o ecossistema perfeito para oferecer a gama de produtos mais ampla e de melhor qualidade do mercado.<\/p>\n\n\n\n<p>Na <strong>INDALOBLANC<strong><sup>\u00ae<\/sup><\/strong> S.L.<\/strong>, contamos com os melhores profissionais em toda a nossa estrutura empresarial, formando uma pequena fam\u00edlia repleta de entusiasmo e dedica\u00e7\u00e3o para oferecer as melhores solu\u00e7\u00f5es aos agricultores.<br><br><\/p>\n\n\n\n<div style=\"height:61px\" aria-hidden=\"true\" class=\"wp-block-spacer\"><\/div>\n<\/div>\n<\/div>\n","protected":false},"excerpt":{"rendered":"<p>POR QUE ESCOLHER INDALOBLANC? INDALOBLANC\u00ae S.L. \u00e9 uma empresa dedicada e especializada no desenvolvimento e na produ\u00e7\u00e3o de produtos de branqueamento de alta resist\u00eancia aos agentes meteorol\u00f3gicos em estufas, oferecendo uma solu\u00e7\u00e3o completa para a agricultura intensiva sob pl\u00e1stico. INDALOBLANC\u00ae S.L. enfrenta o desafio e assume o compromisso de oferecer ao mercado nacional e internacional&hellip;<\/p>\n","protected":false},"author":1,"featured_media":20727,"parent":0,"menu_order":0,"comment_status":"closed","ping_status":"closed","template":"","meta":{"_acf_changed":false,"_joinchat":[],"footnotes":""},"class_list":["post-20838","page","type-page","status-publish","has-post-thumbnail","hentry"],"acf":[],"_links":{"self":[{"href":"https:\/\/www.indaloblanc.com\/pt-pt\/wp-json\/wp\/v2\/pages\/20838","targetHints":{"allow":["GET"]}}],"collection":[{"href":"https:\/\/www.indaloblanc.com\/pt-pt\/wp-json\/wp\/v2\/pages"}],"about":[{"href":"https:\/\/www.indaloblanc.com\/pt-pt\/wp-json\/wp\/v2\/types\/page"}],"author":[{"embeddable":true,"href":"https:\/\/www.indaloblanc.com\/pt-pt\/wp-json\/wp\/v2\/users\/1"}],"replies":[{"embeddable":true,"href":"https:\/\/www.indaloblanc.com\/pt-pt\/wp-json\/wp\/v2\/comments?post=20838"}],"version-history":[{"count":3,"href":"https:\/\/www.indaloblanc.com\/pt-pt\/wp-json\/wp\/v2\/pages\/20838\/revisions"}],"predecessor-version":[{"id":21778,"href":"https:\/\/www.indaloblanc.com\/pt-pt\/wp-json\/wp\/v2\/pages\/20838\/revisions\/21778"}],"wp:featuredmedia":[{"embeddable":true,"href":"https:\/\/www.indaloblanc.com\/pt-pt\/wp-json\/wp\/v2\/media\/20727"}],"wp:attachment":[{"href":"https:\/\/www.indaloblanc.com\/pt-pt\/wp-json\/wp\/v2\/media?parent=20838"}],"curies":[{"name":"wp","href":"https:\/\/api.w.org\/{rel}","templated":true}]}}