{"id":20865,"date":"2024-11-21T17:45:43","date_gmt":"2024-11-21T16:45:43","guid":{"rendered":"https:\/\/www.indaloblanc.com\/politica-de-privacidade\/"},"modified":"2025-02-05T16:10:03","modified_gmt":"2025-02-05T15:10:03","slug":"politica-de-privacidade","status":"publish","type":"page","link":"https:\/\/www.indaloblanc.com\/pt-pt\/politica-de-privacidade\/","title":{"rendered":"Politica de privacidade"},"content":{"rendered":"\n<div class=\"wp-block-columns is-layout-flex wp-container-core-columns-is-layout-9d6595d7 wp-block-columns-is-layout-flex\">\n<div class=\"wp-block-column is-layout-flow wp-block-column-is-layout-flow\">\n<p>A presente pol\u00edtica de privacidade aplica-se ao tratamento dos dados pessoais dos clientes e\/ou usu\u00e1rios do site <a href=\"https:\/\/www.indaloblanc.com\/\">www.indaloblanc.com<\/a>, cujo respons\u00e1vel pelo tratamento de dados \u00e9 a INDALOBLANC, S.L., CIF: B-92.170.059, doravante referida como \u201ca empresa<\/p>\n\n\n\n<p><strong>CONFIDENCIALIDADE E PROTE\u00c7\u00c3O DE DADOS<\/strong><\/p>\n\n\n\n<p>A presente Pol\u00edtica de Privacidade tem por objetivo fornecer informa\u00e7\u00f5es sobre os direitos que lhe assistem nos termos do REGULAMENTO (UE) 2016\/679 DO PARLAMENTO EUROPEU E DO CONSELHO, de 27 de abril de 2016, relativo \u00e0 prote\u00e7\u00e3o das pessoas f\u00edsicas no que diz respeito ao tratamento de dados pessoais e \u00e0 livre circula\u00e7\u00e3o desses dados, revogando a Diretiva 95\/46\/CE (Regulamento Geral de Prote\u00e7\u00e3o de Dados) e a LO 3\/2018. As informa\u00e7\u00f5es sobre seus dados pessoais, conforme o artigo 13 da se\u00e7\u00e3o 2 do referido regulamento e a LO 3\/2018. <\/p>\n\n\n\n<p>Ao fornecer seus dados, o cliente e\/ou usu\u00e1rio declara ter lido e estar ciente da presente Pol\u00edtica de Privacidade, dando seu consentimento inequ\u00edvoco e expresso para o tratamento de seus dados pessoais de acordo com as finalidades e termos aqui expressos.<br\/><\/p>\n\n\n\n<p>A empresa poder\u00e1 modificar a presente Pol\u00edtica de Privacidade para adapt\u00e1-la \u00e0s novidades legislativas, jurisprudenciais ou de interpreta\u00e7\u00e3o da Ag\u00eancia Espanhola de Prote\u00e7\u00e3o de Dados. Essas condi\u00e7\u00f5es de privacidade podem ser complementadas pelo Aviso Legal, Pol\u00edtica de Cookies e Condi\u00e7\u00f5es Gerais que, se for o caso, forem estabelecidos para produtos ou servi\u00e7os espec\u00edficos, se esse acesso implicar alguma especialidade em mat\u00e9ria de prote\u00e7\u00e3o de dados pessoais. <\/p>\n\n\n\n<p>Informamos ainda que a INDALOBLANC, S.L., possui um Delegado de Prote\u00e7\u00e3o de Dados, com quem voc\u00ea pode entrar em contato atrav\u00e9s do seguinte endere\u00e7o: dpd@indaloblanc.com<\/p>\n\n\n\n<p><strong>INFORMA\u00c7\u00d5ES B\u00c1SICAS SOBRE PROTE\u00c7\u00c3O DE DADOS<\/strong><\/p>\n\n\n\n<figure class=\"wp-block-table\"><table class=\"has-fixed-layout\"><tbody><tr><td colspan=\"2\"><\/td><\/tr><tr><td>P\u00e1gina web<\/td><td><a href=\"http:\/\/www.indaloblanc.com\/\">www.indaloblanc.com<\/a><\/td><\/tr><tr><td>Titular da p\u00e1gina web<\/td><td>INDALOBLANC, S.L.<\/td><\/tr><tr><td>Respons\u00e1vel pelo tratamento de dados<\/td><td>INDALOBLANC, S.L., CIF: B-92.170.059, a seguir, \u2018a empresa\u2019<\/td><\/tr><tr><td>Contacto do Delegado de Prote\u00e7\u00e3o de Dados<\/td><td><a href=\"mailto:dpd@indaloblanc.com\">dpd@indaloblanc.com<\/a><\/td><\/tr><tr><td>Morada<\/td><td>Ctra. Viator km. 1,5 \u2013 04120 La Ca\u00f1ada de San Urbano (Almer\u00eda) <\/td><\/tr><tr><td>Telefone<\/td><td>627448353<\/td><\/tr><tr><td>Endere\u00e7o de correio eletr\u00f3nico<\/td><td><a href=\"mailto:gestiondedatos@indaloblanc.com\">gestiondedatos@indaloblanc.com<\/a><\/td><\/tr><tr><td>Finalidade (de acordo com a situa\u00e7\u00e3o aplic\u00e1vel em cada caso).<\/td><td>Gest\u00e3o, estudo e resolu\u00e7\u00e3o de consultas efetuadas atrav\u00e9s da web; Gest\u00e3o contabil\u00edstica, fiscal e administrativa no caso de encomendas ou compras; Gest\u00e3o de processos de sele\u00e7\u00e3o de pessoal no caso de remiss\u00e3o do curriculum vitae; Remiss\u00e3o do boletim de not\u00edcias ou newsletter no caso de pedido expresso; bem como, se autorizado expressamente, envios de publicidade de produtos e servi\u00e7os da empresa. No caso de se registrar, obter informa\u00e7\u00f5es e receber comunica\u00e7\u00f5es. Em caso de participa\u00e7\u00e3o, gest\u00e3o de concursos e promo\u00e7\u00f5es. Gest\u00e3o do canal de reclama\u00e7\u00f5es.  <\/td><\/tr><tr><td>Legitima\u00e7\u00e3o<\/td><td>Consentimento outorgado pelo utilizador ao assinalar a caixa na qual aceita a nossa pol\u00edtica de privacidade e\/ou, de acordo com a finalidade da qual se trate, o consentimento outorgado em virtude da remiss\u00e3o ou envio de consultas ou pedidos atrav\u00e9s dos formul\u00e1rios da presente p\u00e1gina web, o envio do seu curriculum vitae, o pedido de envio do boletim de not\u00edcias ou newsletter e\/ou a autoriza\u00e7\u00e3o para o envio de publicidade de produtos e servi\u00e7os da empresa. Cumprimento da Lei 2\/2023, de 20 de fevereiro, que regula a prote\u00e7\u00e3o das pessoas que denunciam infra\u00e7\u00f5es regulamentares e o combate \u00e0 corrup\u00e7\u00e3o.<\/td><\/tr><tr><td>Idade legal para consentimento<\/td><td>O utilizador certifica que \u00e9 maior do que 14 anos e que, portanto, possui a capacidade legal necess\u00e1ria para a presta\u00e7\u00e3o do consentimento quanto ao tratamento dos seus dados de car\u00e1ter pessoal e tudo isso em conformidade com o estabelecido na presente Pol\u00edtica de Privacidade.<\/td><\/tr><tr><td>Destinat\u00e1rios<\/td><td>Comunicar-se-\u00e3o, em cada caso, dados \u00e0s empresas do grupo empresarial da Empresa e\/ou a terceiros para poder levar a cabo as finalidades requeridas. Os dados fornecidos n\u00e3o ser\u00e3o, em caso algum, objeto de cess\u00e3o a terceiros, com exce\u00e7\u00e3o das entidades, em cada caso, detalhadas mais em diante no presente ou por ocasi\u00e3o do cumprimento de formul\u00e1rios de obten\u00e7\u00e3o de consentimento. <\/td><\/tr><tr><td>Direitos<\/td><td>Acesso, retifica\u00e7\u00e3o, exclus\u00e3o, portabilidade, limita\u00e7\u00e3o, cancelamento, retirada de dados e\/ou quaisquer outros reconhecidos legalmente. Reclamar perante a Ag\u00eancia Espanhola de Prote\u00e7\u00e3o de Dados. <\/td><\/tr><tr><td>Informa\u00e7\u00e3o adicional<\/td><td>Pode solicitar informa\u00e7\u00f5es adicionais e detalhadas sobre Prote\u00e7\u00e3o de Dados e\/ou exercer os seus direitos atrav\u00e9s do email <a href=\"mailto:gestiondedatos@indaloblanc.com\">gestiondedatos@indaloblanc.com<\/a> anexando \u00e0 solicita\u00e7\u00e3o uma c\u00f3pia do seu RG ou documento equivalente comprobat\u00f3rio.<\/td><\/tr><\/tbody><\/table><\/figure>\n\n\n\n<p>A empresa conservar\u00e1 os seus dados de car\u00e1ter pessoal o tempo necess\u00e1rio de acordo com as informa\u00e7\u00f5es facilitadas e os prazos de conserva\u00e7\u00e3o indicados nas normativas aplic\u00e1veis.<\/p>\n\n\n\n<p>A Empresa informa tamb\u00e9m que os dados pessoais fornecidos ser\u00e3o comunicados exclusivamente a:<\/p>\n\n\n\n<p>DESTINAT\u00c1RIOS: Pyramica Net Services<\/p>\n\n\n\n<p>FINALIDADE: Manuten\u00e7\u00e3o e hospedagem web<\/p>\n\n\n\n<p>e para os fins eventualmente indicados expressamente no momento do preenchimento dos dados pessoais pelo usu\u00e1rio por meio de formul\u00e1rios web e\/ou outro tipo de documento utilizado para obten\u00e7\u00e3o de dados.<\/p>\n\n\n\n<p>De acordo com o artigo 13 da se\u00e7\u00e3o 2 do Regulamento (UE) 2016\/679 do Parlamento Europeu e do Conselho, de 27 de abril de 2016, e\/ou a regulamenta\u00e7\u00e3o que o desenvolva e que seja aplic\u00e1vel a cada momento em rela\u00e7\u00e3o \u00e0 prote\u00e7\u00e3o de dados pessoais de pessoas f\u00edsicas, \u00e9 declarado que o respons\u00e1vel pelo tratamento dos dados pessoais eventualmente fornecidos atrav\u00e9s do site \u00e9 a Empresa, cujos dados, legitimidade e finalidade do tratamento, bem como os direitos concedidos ao usu\u00e1rio, foram anteriormente expostos. Para os efeitos anteriores, os dados, em cada caso, facilitados pelo utilizador ser\u00e3o incorporados num ficheiro que \u00e9 responsabilidade da mesma e que ser\u00e1 tratado em conformidade com as disposi\u00e7\u00f5es legais em cada momento aplic\u00e1veis, a fim de gerir e tramitar cada um dos servi\u00e7os solicitados e\/ou consentidos expressamente pelo utilizador de acordo com o exposto. <\/p>\n\n\n\n<p>Assim, o utilizador poder-se-\u00e1 dirigir, em qualquer caso, \u00e0 Ag\u00eancia Espanhola de Prote\u00e7\u00e3o de Dados para obter informa\u00e7\u00f5es adicionais acerca dos referidos direitos ou apresentar uma reclama\u00e7\u00e3o perante a mesma, especialmente quando n\u00e3o tenha ficado satisfeito no exerc\u00edcio dos mesmos.<\/p>\n\n\n\n<p>Do mesmo modo, o utilizador poder\u00e1 dar baixa de qualquer um dos servi\u00e7os de subscri\u00e7\u00e3o facilitados clicando no ponto \u201celiminar subscri\u00e7\u00e3o\u201d de todos os e-mails remetidos por parte do prestador.<\/p>\n\n\n\n<p>O prestador adotou todas as medidas t\u00e9cnicas e de organiza\u00e7\u00e3o necess\u00e1rias para garantir a seguran\u00e7a e a integridade dos dados de car\u00e1ter pessoal que tratar, bem como para evitar a sua perda, altera\u00e7\u00e3o e\/ou acesso por parte de terceiros n\u00e3o autorizados. No entanto, o Usu\u00e1rio deve ter em mente que a seguran\u00e7a dos sistemas n\u00e3o \u00e9 inviol\u00e1vel e podem ocorrer a\u00e7\u00f5es fraudulentas de terceiros, embora a empresa empregue todos os meios ao seu alcance para evitar tais a\u00e7\u00f5es. Voc\u00ea pode solicitar mais informa\u00e7\u00f5es sobre nossas medidas de seguran\u00e7a no e-mail <a href=\"mailto:gestiondedatos@indaloblanc.com\">gestiondedatos@indaloblanc.com<\/a><br\/>  <\/p>\n<\/div>\n<\/div>\n","protected":false},"excerpt":{"rendered":"<p>A presente pol\u00edtica de privacidade aplica-se ao tratamento dos dados pessoais dos clientes e\/ou usu\u00e1rios do site www.indaloblanc.com, cujo respons\u00e1vel pelo tratamento de dados \u00e9 a INDALOBLANC, S.L., CIF: B-92.170.059, doravante referida como \u201ca empresa CONFIDENCIALIDADE E PROTE\u00c7\u00c3O DE DADOS A presente Pol\u00edtica de Privacidade tem por objetivo fornecer informa\u00e7\u00f5es sobre os direitos que lhe&hellip;<\/p>\n","protected":false},"author":1,"featured_media":20452,"parent":0,"menu_order":0,"comment_status":"closed","ping_status":"closed","template":"","meta":{"_acf_changed":false,"_joinchat":[],"footnotes":""},"class_list":["post-20865","page","type-page","status-publish","has-post-thumbnail","hentry"],"acf":[],"_links":{"self":[{"href":"https:\/\/www.indaloblanc.com\/pt-pt\/wp-json\/wp\/v2\/pages\/20865","targetHints":{"allow":["GET"]}}],"collection":[{"href":"https:\/\/www.indaloblanc.com\/pt-pt\/wp-json\/wp\/v2\/pages"}],"about":[{"href":"https:\/\/www.indaloblanc.com\/pt-pt\/wp-json\/wp\/v2\/types\/page"}],"author":[{"embeddable":true,"href":"https:\/\/www.indaloblanc.com\/pt-pt\/wp-json\/wp\/v2\/users\/1"}],"replies":[{"embeddable":true,"href":"https:\/\/www.indaloblanc.com\/pt-pt\/wp-json\/wp\/v2\/comments?post=20865"}],"version-history":[{"count":1,"href":"https:\/\/www.indaloblanc.com\/pt-pt\/wp-json\/wp\/v2\/pages\/20865\/revisions"}],"predecessor-version":[{"id":20866,"href":"https:\/\/www.indaloblanc.com\/pt-pt\/wp-json\/wp\/v2\/pages\/20865\/revisions\/20866"}],"wp:featuredmedia":[{"embeddable":true,"href":"https:\/\/www.indaloblanc.com\/pt-pt\/wp-json\/wp\/v2\/media\/20452"}],"wp:attachment":[{"href":"https:\/\/www.indaloblanc.com\/pt-pt\/wp-json\/wp\/v2\/media?parent=20865"}],"curies":[{"name":"wp","href":"https:\/\/api.w.org\/{rel}","templated":true}]}}