{"id":20889,"date":"2024-12-10T17:48:15","date_gmt":"2024-12-10T16:48:15","guid":{"rendered":"https:\/\/www.indaloblanc.com\/noticias\/"},"modified":"2025-02-20T16:24:40","modified_gmt":"2025-02-20T15:24:40","slug":"noticias","status":"publish","type":"page","link":"https:\/\/www.indaloblanc.com\/pt-pt\/noticias\/","title":{"rendered":"Not\u00edcias"},"content":{"rendered":"\n<div class=\"wp-block-columns is-layout-flex wp-container-core-columns-is-layout-9d6595d7 wp-block-columns-is-layout-flex\">\n<div class=\"wp-block-column is-layout-flow wp-block-column-is-layout-flow\"><ul class=\"wp-block-latest-posts__list is-grid columns-3 aligncenter wp-block-latest-posts\"><li><div class=\"wp-block-latest-posts__featured-image aligncenter\"><img loading=\"lazy\" decoding=\"async\" width=\"150\" height=\"150\" src=\"https:\/\/www.indaloblanc.com\/wp-content\/uploads\/2018\/11\/sombreado-e1542706341738-150x150.jpg\" class=\"attachment-thumbnail size-thumbnail wp-post-image\" alt=\"\" style=\"\" \/><\/div><a class=\"wp-block-latest-posts__post-title\" href=\"https:\/\/www.indaloblanc.com\/pt-pt\/2024\/07\/indaloblanc-innovacion-y-calidad-en-proteccion-solar-para-invernaderos\/\">INDALOBLANC S.L.: Inova\u00e7\u00e3o e Qualidade na Prote\u00e7\u00e3o Solar para Estufas<\/a><\/li>\n<li><div class=\"wp-block-latest-posts__featured-image aligncenter\"><img loading=\"lazy\" decoding=\"async\" width=\"150\" height=\"150\" src=\"https:\/\/www.indaloblanc.com\/wp-content\/uploads\/2025\/03\/20180425_114109-web-150x150.jpg\" class=\"attachment-thumbnail size-thumbnail wp-post-image\" alt=\"\" style=\"\" srcset=\"https:\/\/www.indaloblanc.com\/wp-content\/uploads\/2025\/03\/20180425_114109-web-150x150.jpg 150w, https:\/\/www.indaloblanc.com\/wp-content\/uploads\/2025\/03\/20180425_114109-web-300x300.jpg 300w, https:\/\/www.indaloblanc.com\/wp-content\/uploads\/2025\/03\/20180425_114109-web.jpg 400w\" sizes=\"auto, (max-width: 150px) 100vw, 150px\" \/><\/div><a class=\"wp-block-latest-posts__post-title\" href=\"https:\/\/www.indaloblanc.com\/pt-pt\/2024\/07\/encalado-y-pintado-de-invernaderos-la-solucion-ideal-para-la-proteccion-solar\/\">Caia\u00e7\u00e3o e Pintura de Estufas: A Solu\u00e7\u00e3o Ideal para a Prote\u00e7\u00e3o Solar<\/a><\/li>\n<li><div class=\"wp-block-latest-posts__featured-image aligncenter\"><img loading=\"lazy\" decoding=\"async\" width=\"150\" height=\"150\" src=\"https:\/\/www.indaloblanc.com\/wp-content\/uploads\/2018\/11\/cubo-indaloblanc-fix-6-1-150x150.png\" class=\"attachment-thumbnail size-thumbnail wp-post-image\" alt=\"\" style=\"\" srcset=\"https:\/\/www.indaloblanc.com\/wp-content\/uploads\/2018\/11\/cubo-indaloblanc-fix-6-1-150x150.png 150w, https:\/\/www.indaloblanc.com\/wp-content\/uploads\/2018\/11\/cubo-indaloblanc-fix-6-1-300x300.png 300w, https:\/\/www.indaloblanc.com\/wp-content\/uploads\/2018\/11\/cubo-indaloblanc-fix-6-1-768x768.png 768w, https:\/\/www.indaloblanc.com\/wp-content\/uploads\/2018\/11\/cubo-indaloblanc-fix-6-1.png 1000w\" sizes=\"auto, (max-width: 150px) 100vw, 150px\" \/><\/div><a class=\"wp-block-latest-posts__post-title\" href=\"https:\/\/www.indaloblanc.com\/pt-pt\/2024\/07\/comparativa-de-productos-para-blanquear-invernaderos-indaloblanc-fix-3-y-indaloblanc-fix-6\/\">Compara\u00e7\u00e3o de Produtos: INDALOBLANC\u00ae FIX 3 e INDALOBLANC\u00ae FIX 6<\/a><\/li>\n<li><div class=\"wp-block-latest-posts__featured-image aligncenter\"><img loading=\"lazy\" decoding=\"async\" width=\"150\" height=\"150\" src=\"https:\/\/www.indaloblanc.com\/wp-content\/uploads\/2024\/04\/blanquear-invernadero-2-150x150.jpg\" class=\"attachment-thumbnail size-thumbnail wp-post-image\" alt=\"\" style=\"\" srcset=\"https:\/\/www.indaloblanc.com\/wp-content\/uploads\/2024\/04\/blanquear-invernadero-2-150x150.jpg 150w, https:\/\/www.indaloblanc.com\/wp-content\/uploads\/2024\/04\/blanquear-invernadero-2-300x300.jpg 300w, https:\/\/www.indaloblanc.com\/wp-content\/uploads\/2024\/04\/blanquear-invernadero-2-768x768.jpg 768w, https:\/\/www.indaloblanc.com\/wp-content\/uploads\/2024\/04\/blanquear-invernadero-2.jpg 1024w\" sizes=\"auto, (max-width: 150px) 100vw, 150px\" \/><\/div><a class=\"wp-block-latest-posts__post-title\" href=\"https:\/\/www.indaloblanc.com\/pt-pt\/2024\/04\/branqueamento-de-uma-estufa\/\">Branqueamento de uma estufa<\/a><\/li>\n<li><div class=\"wp-block-latest-posts__featured-image aligncenter\"><img loading=\"lazy\" decoding=\"async\" width=\"150\" height=\"150\" src=\"https:\/\/www.indaloblanc.com\/wp-content\/uploads\/2024\/04\/blanquear-invernadero-2-150x150.jpg\" class=\"attachment-thumbnail size-thumbnail wp-post-image\" alt=\"\" style=\"\" srcset=\"https:\/\/www.indaloblanc.com\/wp-content\/uploads\/2024\/04\/blanquear-invernadero-2-150x150.jpg 150w, https:\/\/www.indaloblanc.com\/wp-content\/uploads\/2024\/04\/blanquear-invernadero-2-300x300.jpg 300w, https:\/\/www.indaloblanc.com\/wp-content\/uploads\/2024\/04\/blanquear-invernadero-2-768x768.jpg 768w, https:\/\/www.indaloblanc.com\/wp-content\/uploads\/2024\/04\/blanquear-invernadero-2.jpg 1024w\" sizes=\"auto, (max-width: 150px) 100vw, 150px\" \/><\/div><a class=\"wp-block-latest-posts__post-title\" href=\"https:\/\/www.indaloblanc.com\/pt-pt\/2024\/04\/branqueamento-de-uma-estufa-2\/\">Branqueamento de uma Estufa<\/a><\/li>\n<li><div class=\"wp-block-latest-posts__featured-image aligncenter\"><img loading=\"lazy\" decoding=\"async\" width=\"150\" height=\"150\" src=\"https:\/\/www.indaloblanc.com\/wp-content\/uploads\/2023\/05\/IE2023-white-poster-ES-1275px-150x150.jpg\" class=\"attachment-thumbnail size-thumbnail wp-post-image\" alt=\"\" style=\"\" \/><\/div><a class=\"wp-block-latest-posts__post-title\" href=\"https:\/\/www.indaloblanc.com\/pt-pt\/2023\/05\/indaloblanc-s-l-estara-presente-na-infoagro-exhibition-2023\/\">Indaloblanc S.L. estar\u00e1 presente na Infoagro Exhibition 2023<br><br><br><br><\/a><\/li>\n<li><div class=\"wp-block-latest-posts__featured-image aligncenter\"><img loading=\"lazy\" decoding=\"async\" width=\"150\" height=\"150\" src=\"https:\/\/www.indaloblanc.com\/wp-content\/uploads\/2018\/11\/INDALOBALNC_25-1024x683-e1541497302774-150x150.jpg\" class=\"attachment-thumbnail size-thumbnail wp-post-image\" alt=\"\" style=\"\" \/><\/div><a class=\"wp-block-latest-posts__post-title\" href=\"https:\/\/www.indaloblanc.com\/pt-pt\/2021\/07\/vantagens-do-uso-dos-produtos-de-branqueamento-indaloblanc-s-l\/\">Vantagens do uso dos produtos de branqueamento Indaloblanc S.L.<br><\/a><\/li>\n<li><div class=\"wp-block-latest-posts__featured-image aligncenter\"><img loading=\"lazy\" decoding=\"async\" width=\"150\" height=\"150\" src=\"https:\/\/www.indaloblanc.com\/wp-content\/uploads\/2020\/10\/C0064.MP4.04_09_04_09.Imagen-fija001-150x150.jpg\" class=\"attachment-thumbnail size-thumbnail wp-post-image\" alt=\"\" style=\"\" \/><\/div><a class=\"wp-block-latest-posts__post-title\" href=\"https:\/\/www.indaloblanc.com\/pt-pt\/2020\/10\/como-preparar-a-solucao-de-aplicacao-dos-produtos-de-branqueamento\/\">Como preparar a solu\u00e7\u00e3o de aplica\u00e7\u00e3o dos produtos de branqueamento<br><\/a><\/li>\n<li><div class=\"wp-block-latest-posts__featured-image aligncenter\"><img loading=\"lazy\" decoding=\"async\" width=\"150\" height=\"150\" src=\"https:\/\/www.indaloblanc.com\/wp-content\/uploads\/2019\/11\/olives-253264_1920-150x150.jpg\" class=\"attachment-thumbnail size-thumbnail wp-post-image\" alt=\"\" style=\"\" \/><\/div><a class=\"wp-block-latest-posts__post-title\" href=\"https:\/\/www.indaloblanc.com\/pt-pt\/2019\/11\/chega-o-armazenamento-privado-para-o-azeite-de-oliva-virgem\/\">CHEGA O ARMAZENAMENTO PRIVADO PARA O AZEITE DE OLIVA VIRGEM<br><\/a><\/li>\n<li><div class=\"wp-block-latest-posts__featured-image aligncenter\"><img loading=\"lazy\" decoding=\"async\" width=\"150\" height=\"150\" src=\"https:\/\/www.indaloblanc.com\/wp-content\/uploads\/2019\/06\/Aguacate-Web-e1601886033579-150x150.jpg\" class=\"attachment-thumbnail size-thumbnail wp-post-image\" alt=\"\" style=\"\" \/><\/div><a class=\"wp-block-latest-posts__post-title\" href=\"https:\/\/www.indaloblanc.com\/pt-pt\/2019\/06\/o-registo-de-exploracoes-agricolas-reafa-entrara-em-vigor-no-1-de-outubro\/\">O Registo de Explora\u00e7\u00f5es Agr\u00edcolas (Reafa) entrar\u00e1 em vigor no 1 de outubro.<br><\/a><\/li>\n<li><div class=\"wp-block-latest-posts__featured-image aligncenter\"><img loading=\"lazy\" decoding=\"async\" width=\"150\" height=\"150\" src=\"https:\/\/www.indaloblanc.com\/wp-content\/uploads\/2019\/01\/nacho-dominguez-argenta-511475-unsplash-1-150x150.jpg\" class=\"attachment-thumbnail size-thumbnail wp-post-image\" alt=\"\" style=\"\" \/><\/div><a class=\"wp-block-latest-posts__post-title\" href=\"https:\/\/www.indaloblanc.com\/pt-pt\/2019\/02\/publicado-o-relatorio-final-da-colheita-de-2018-dop-igp-na-andaluzia\/\">Publicado o Relat\u00f3rio Final da Colheita de 2018 (DOP\/IGP) na Andaluzia.<br><\/a><\/li>\n<li><div class=\"wp-block-latest-posts__featured-image aligncenter\"><img loading=\"lazy\" decoding=\"async\" width=\"150\" height=\"150\" src=\"https:\/\/www.indaloblanc.com\/wp-content\/uploads\/2019\/01\/Plan-Renove-1-150x150.jpg\" class=\"attachment-thumbnail size-thumbnail wp-post-image\" alt=\"\" style=\"\" \/><\/div><a class=\"wp-block-latest-posts__post-title\" href=\"https:\/\/www.indaloblanc.com\/pt-pt\/2019\/01\/publicado-a-lista-de-beneficiarios-das-ajudas-a-modernizacao-das-estufas\/\">Publicado a lista de benefici\u00e1rios das ajudas \u00e0 moderniza\u00e7\u00e3o das estufas.<br><\/a><\/li>\n<li><div class=\"wp-block-latest-posts__featured-image aligncenter\"><img loading=\"lazy\" decoding=\"async\" width=\"150\" height=\"150\" src=\"https:\/\/www.indaloblanc.com\/wp-content\/uploads\/2018\/10\/version-ingles.00_00_06_20.Imagen-fija003-e1542706654773-150x150.jpg\" class=\"attachment-thumbnail size-thumbnail wp-post-image\" alt=\"\" style=\"\" \/><\/div><a class=\"wp-block-latest-posts__post-title\" href=\"https:\/\/www.indaloblanc.com\/pt-pt\/2018\/11\/a-importancia-da-sombreamento-nas-estufas\/\">A import\u00e2ncia da sombreamento nas estufas.<\/a><\/li>\n<li><div class=\"wp-block-latest-posts__featured-image aligncenter\"><img loading=\"lazy\" decoding=\"async\" width=\"150\" height=\"150\" src=\"https:\/\/www.indaloblanc.com\/wp-content\/uploads\/2018\/10\/Gordal-Sevillana-e1541496972192-150x150.jpg\" class=\"attachment-thumbnail size-thumbnail wp-post-image\" alt=\"\" style=\"\" \/><\/div><a class=\"wp-block-latest-posts__post-title\" href=\"https:\/\/www.indaloblanc.com\/pt-pt\/2018\/10\/reconhecimento-nacional-como-igp-para-as-azeitonas-sevillanas-manzanilla-e-gordal\/\">Reconhecimento Nacional como IGP para as Azeitonas Sevillanas Manzanilla e Gordal<br><\/a><\/li>\n<li><div class=\"wp-block-latest-posts__featured-image aligncenter\"><img loading=\"lazy\" decoding=\"async\" width=\"150\" height=\"150\" src=\"https:\/\/www.indaloblanc.com\/wp-content\/uploads\/2018\/10\/IMG_20180721_084620-e1541497001736-150x150.jpg\" class=\"attachment-thumbnail size-thumbnail wp-post-image\" alt=\"\" style=\"\" \/><\/div><a class=\"wp-block-latest-posts__post-title\" href=\"https:\/\/www.indaloblanc.com\/pt-pt\/2018\/10\/o-consumo-de-frutas-e-hortalicas-nos-lares-espanhois-diminui-1-no-primeiro-semestre-de-2018\/\">O Consumo de Frutas e Hortali\u00e7as nos Lares Espanh\u00f3is Diminui 1% no Primeiro Semestre de 2018<br><\/a><\/li>\n<li><div class=\"wp-block-latest-posts__featured-image aligncenter\"><img loading=\"lazy\" decoding=\"async\" width=\"150\" height=\"150\" src=\"https:\/\/www.indaloblanc.com\/wp-content\/uploads\/2018\/11\/INDALOBALNC_25-1024x683-e1541497302774-150x150.jpg\" class=\"attachment-thumbnail size-thumbnail wp-post-image\" alt=\"\" style=\"\" \/><\/div><a class=\"wp-block-latest-posts__post-title\" href=\"https:\/\/www.indaloblanc.com\/pt-pt\/2018\/09\/plano-renove-para-as-estufas-andaluzas-a-ordem-foi-publicada\/\">Plano RENOVE para as Estufas Andaluzas: A Ordem Foi Publicada<br><\/a><\/li>\n<\/ul><\/div>\n<\/div>\n","protected":false},"excerpt":{"rendered":"","protected":false},"author":1,"featured_media":20548,"parent":0,"menu_order":0,"comment_status":"closed","ping_status":"closed","template":"","meta":{"_acf_changed":false,"_joinchat":[],"footnotes":""},"class_list":["post-20889","page","type-page","status-publish","has-post-thumbnail","hentry"],"acf":[],"_links":{"self":[{"href":"https:\/\/www.indaloblanc.com\/pt-pt\/wp-json\/wp\/v2\/pages\/20889","targetHints":{"allow":["GET"]}}],"collection":[{"href":"https:\/\/www.indaloblanc.com\/pt-pt\/wp-json\/wp\/v2\/pages"}],"about":[{"href":"https:\/\/www.indaloblanc.com\/pt-pt\/wp-json\/wp\/v2\/types\/page"}],"author":[{"embeddable":true,"href":"https:\/\/www.indaloblanc.com\/pt-pt\/wp-json\/wp\/v2\/users\/1"}],"replies":[{"embeddable":true,"href":"https:\/\/www.indaloblanc.com\/pt-pt\/wp-json\/wp\/v2\/comments?post=20889"}],"version-history":[{"count":1,"href":"https:\/\/www.indaloblanc.com\/pt-pt\/wp-json\/wp\/v2\/pages\/20889\/revisions"}],"predecessor-version":[{"id":20890,"href":"https:\/\/www.indaloblanc.com\/pt-pt\/wp-json\/wp\/v2\/pages\/20889\/revisions\/20890"}],"wp:featuredmedia":[{"embeddable":true,"href":"https:\/\/www.indaloblanc.com\/pt-pt\/wp-json\/wp\/v2\/media\/20548"}],"wp:attachment":[{"href":"https:\/\/www.indaloblanc.com\/pt-pt\/wp-json\/wp\/v2\/media?parent=20889"}],"curies":[{"name":"wp","href":"https:\/\/api.w.org\/{rel}","templated":true}]}}