{"id":21635,"date":"2025-03-03T11:55:59","date_gmt":"2025-03-03T10:55:59","guid":{"rendered":"https:\/\/www.indaloblanc.com\/por-que-es-importante\/"},"modified":"2025-03-06T11:32:12","modified_gmt":"2025-03-06T10:32:12","slug":"por-que-razao-e-importante","status":"publish","type":"page","link":"https:\/\/www.indaloblanc.com\/pt-pt\/por-que-razao-e-importante\/","title":{"rendered":"Por que raz\u00e3o \u00e9 importante?"},"content":{"rendered":"\n<div class=\"wp-block-columns are-vertically-aligned-center is-layout-flex wp-container-core-columns-is-layout-62db62f3 wp-block-columns-is-layout-flex\" style=\"padding-top:0;padding-bottom:0\">\n<div class=\"wp-block-column is-layout-flow wp-block-column-is-layout-flow\"><\/div>\n\n\n\n<div class=\"wp-block-column is-layout-flow wp-block-column-is-layout-flow\"><\/div>\n<\/div>\n\n\n\n<div style=\"height:100px\" aria-hidden=\"true\" class=\"wp-block-spacer\"><\/div>\n\n\n\n<div class=\"wp-block-columns is-layout-flex wp-container-core-columns-is-layout-52c2aa69 wp-block-columns-is-layout-flex\" style=\"padding-top:var(--wp--preset--spacing--30);padding-right:var(--wp--preset--spacing--80);padding-bottom:var(--wp--preset--spacing--30);padding-left:var(--wp--preset--spacing--80)\">\n<div class=\"wp-block-column is-vertically-aligned-center is-layout-flow wp-block-column-is-layout-flow\">\n<figure class=\"wp-block-image alignright size-full\"><img loading=\"lazy\" decoding=\"async\" width=\"850\" height=\"1133\" src=\"https:\/\/www.indaloblanc.com\/wp-content\/uploads\/2025\/03\/20180425_095419-1.jpg\" alt=\"\" class=\"wp-image-21548\" srcset=\"https:\/\/www.indaloblanc.com\/wp-content\/uploads\/2025\/03\/20180425_095419-1.jpg 850w, https:\/\/www.indaloblanc.com\/wp-content\/uploads\/2025\/03\/20180425_095419-1-225x300.jpg 225w, https:\/\/www.indaloblanc.com\/wp-content\/uploads\/2025\/03\/20180425_095419-1-768x1024.jpg 768w\" sizes=\"auto, (max-width: 850px) 100vw, 850px\" \/><\/figure>\n<\/div>\n\n\n\n<div class=\"wp-block-column is-vertically-aligned-center is-layout-flow wp-block-column-is-layout-flow\" style=\"padding-top:var(--wp--preset--spacing--60);padding-right:var(--wp--preset--spacing--80);padding-bottom:var(--wp--preset--spacing--60);padding-left:var(--wp--preset--spacing--80)\">\n<p><\/p>\n\n\n\n<p><br>Durante a maior parte do ciclo produtivo nas <strong>estufas da regi\u00e3o do Mediterr\u00e2neo<\/strong>, podem ser atingidas temperaturas m\u00e1ximas diurnas muito elevadas, podendo chegar a <strong>temperaturas no interior das estufas que n\u00e3o s\u00e3o compat\u00edveis com o correto desenvolvimento das culturas<\/strong>.<\/p>\n\n\n\n<p><\/p>\n\n\n\n<p>O excesso de radia\u00e7\u00e3o solar e temperatura pode causar estresse h\u00eddrico, o que afeta o crescimento da planta, reduzindo a altura, o caule, as ra\u00edzes, a \u00e1rea foliar, o peso espec\u00edfico das folhas e a biomassa da planta, pois esses fatores influenciam o processo de fotoss\u00edntese.<\/p>\n\n\n\n<p><\/p>\n\n\n\n<p>Para resolver esses problemas, \u00e9 necess\u00e1rio recorrer a algumas <strong>t\u00e9cnicas de climatiza\u00e7\u00e3o para diminuir os efeitos<\/strong>. Uma das t\u00e9cnicas mais utilizadas \u00e9 o <strong>branqueamento da cobertura das estufas<\/strong>, que reflete a luz e, assim, reduz o calor no interior da estufa.<\/p>\n\n\n\n<p><\/p>\n\n\n\n<p>A <strong>sombreamento das estufas<\/strong> \u00e9 uma pr\u00e1tica essencial para controlar a temperatura e a radia\u00e7\u00e3o que chegam at\u00e9 as nossas culturas, evitando os poss\u00edveis danos que esses fatores podem causar. \u00c9 importante prestar aten\u00e7\u00e3o tanto nas doses quanto nas datas de branqueamento, pois um excesso de luz pode causar satura\u00e7\u00e3o luminosa para a cultura, e a falta dela pode causar o alongamento das plantas ou at\u00e9 mesmo o aborto de algumas flores.<br><br><br><br><\/p>\n<\/div>\n<\/div>\n\n\n\n<div style=\"height:100px\" aria-hidden=\"true\" class=\"wp-block-spacer\"><\/div>\n","protected":false},"excerpt":{"rendered":"<p>Durante a maior parte do ciclo produtivo nas estufas da regi\u00e3o do Mediterr\u00e2neo, podem ser atingidas temperaturas m\u00e1ximas diurnas muito elevadas, podendo chegar a temperaturas no interior das estufas que n\u00e3o s\u00e3o compat\u00edveis com o correto desenvolvimento das culturas. O excesso de radia\u00e7\u00e3o solar e temperatura pode causar estresse h\u00eddrico, o que afeta o crescimento&hellip;<\/p>\n","protected":false},"author":1,"featured_media":20727,"parent":0,"menu_order":0,"comment_status":"closed","ping_status":"closed","template":"","meta":{"_acf_changed":false,"_joinchat":[],"footnotes":""},"class_list":["post-21635","page","type-page","status-publish","has-post-thumbnail","hentry"],"acf":[],"_links":{"self":[{"href":"https:\/\/www.indaloblanc.com\/pt-pt\/wp-json\/wp\/v2\/pages\/21635","targetHints":{"allow":["GET"]}}],"collection":[{"href":"https:\/\/www.indaloblanc.com\/pt-pt\/wp-json\/wp\/v2\/pages"}],"about":[{"href":"https:\/\/www.indaloblanc.com\/pt-pt\/wp-json\/wp\/v2\/types\/page"}],"author":[{"embeddable":true,"href":"https:\/\/www.indaloblanc.com\/pt-pt\/wp-json\/wp\/v2\/users\/1"}],"replies":[{"embeddable":true,"href":"https:\/\/www.indaloblanc.com\/pt-pt\/wp-json\/wp\/v2\/comments?post=21635"}],"version-history":[{"count":2,"href":"https:\/\/www.indaloblanc.com\/pt-pt\/wp-json\/wp\/v2\/pages\/21635\/revisions"}],"predecessor-version":[{"id":21645,"href":"https:\/\/www.indaloblanc.com\/pt-pt\/wp-json\/wp\/v2\/pages\/21635\/revisions\/21645"}],"wp:featuredmedia":[{"embeddable":true,"href":"https:\/\/www.indaloblanc.com\/pt-pt\/wp-json\/wp\/v2\/media\/20727"}],"wp:attachment":[{"href":"https:\/\/www.indaloblanc.com\/pt-pt\/wp-json\/wp\/v2\/media?parent=21635"}],"curies":[{"name":"wp","href":"https:\/\/api.w.org\/{rel}","templated":true}]}}